{"id":3351,"date":"2021-03-19T11:40:03","date_gmt":"2021-03-19T10:40:03","guid":{"rendered":"https:\/\/www.vkdeersign.com\/?page_id=3351"},"modified":"2021-03-19T12:01:41","modified_gmt":"2021-03-19T11:01:41","slug":"prestations","status":"publish","type":"page","link":"https:\/\/www.vkdeersign.com\/en\/prestations\/","title":{"rendered":"Craftmanship"},"content":{"rendered":"<div id=\"fws_69f2a0d8647d2\"  data-column-margin=\"default\" data-midnight=\"dark\"  class=\"wpb_row vc_row-fluid vc_row  top_padding_phone_0px\"  style=\"padding-top: 100px; padding-bottom: 0px; \"><div class=\"row-bg-wrap\" data-bg-animation=\"none\" data-bg-animation-delay=\"\" data-bg-overlay=\"false\"><div class=\"inner-wrap row-bg-layer\" ><div class=\"row-bg viewport-desktop\"  style=\"\"><\/div><\/div><\/div><div class=\"row_col_wrap_12 col span_12 dark left\">\n\t<div  class=\"vc_col-sm-12 wpb_column column_container vc_column_container col centered-text no-extra-padding top_margin_phone_100px inherit_tablet inherit_phone\"  data-padding-pos=\"all\" data-has-bg-color=\"false\" data-bg-color=\"\" data-bg-opacity=\"1\" data-animation=\"\" data-delay=\"0\" >\n\t\t<div class=\"vc_column-inner\" >\n\t\t\t<div class=\"wpb_wrapper\">\n\t\t\t\t<div class=\"col span_12 section-title text-align-center extra-padding\"><h2>\n<h1>Craftmanship<\/h1>\n<\/h2><\/div><div class=\"clear\"><\/div>\n\t\t\t<\/div> \n\t\t<\/div>\n\t<\/div> \n<\/div><\/div>\n\t\t<div id=\"fws_69f2a0d865079\"  data-column-margin=\"default\" data-midnight=\"dark\"  class=\"wpb_row vc_row-fluid vc_row\"  style=\"padding-top: 0px; padding-bottom: 0px; \"><div class=\"row-bg-wrap\" data-bg-animation=\"none\" data-bg-animation-delay=\"\" data-bg-overlay=\"false\"><div class=\"inner-wrap row-bg-layer\" ><div class=\"row-bg viewport-desktop\"  style=\"\"><\/div><\/div><\/div><div class=\"row_col_wrap_12 col span_12 dark left\">\n\t<div  class=\"vc_col-sm-12 wpb_column column_container vc_column_container col no-extra-padding inherit_tablet inherit_phone\"  data-padding-pos=\"all\" data-has-bg-color=\"false\" data-bg-color=\"\" data-bg-opacity=\"1\" data-animation=\"\" data-delay=\"0\" >\n\t\t<div class=\"vc_column-inner\" >\n\t\t\t<div class=\"wpb_wrapper\">\n\t\t\t\t<div class=\"testimonial_slider span_12 col\" data-color=\"\" data-rating-color=\"accent-color\" data-controls=\"default\" data-add-border=\"\" data-autorotate=\"\" data-style=\"default\" ><div class=\"slides\"><blockquote> <div data-shadow=\"\" class=\"image-icon has-bg\" style=\"background-image: url(https:\/\/www.vkdeersign.com\/wp-content\/uploads\/2021\/02\/fleche-e1616599440873.png);\">&#8220;<\/div> <p>Art direction <span role=\"none\" class=\"bottom-arrow\"><\/span><\/p><span class=\"testimonial-name\"><\/span><span class=\"title\">\u00catre cr\u00e9atif, coh\u00e9rent et consistant est la cl\u00e9 de vo\u00fbte d'une direction artistique \u00e0 succ\u00e8s. Faites ressortir vos atouts et vos particularit\u00e9s dans l'univers que vous communiquez. J'interviens en \u00e9tablissant une strat\u00e9gie de communication, un objectif et les moyens \u00e0 d\u00e9ployer afin d'y parvenir. Mon travail m'implique dans les diff\u00e9rentes facettes de cr\u00e9ation des projets tout en r\u00e9unissant les bonnes personnes qui nous apporterons les comp\u00e9tences dont nous avons besoin.<\/span><\/blockquote><blockquote> <div data-shadow=\"\" class=\"image-icon has-bg\" style=\"background-image: url(https:\/\/www.vkdeersign.com\/wp-content\/uploads\/2021\/02\/identite-e1616599497940.png);\">&#8220;<\/div> <p>Branding <span role=\"none\" class=\"bottom-arrow\"><\/span><\/p><span class=\"testimonial-name\"><\/span><span class=\"title\">Laisser votre histoire, vos valeurs et vos projets s'exprimer \u00e0 travers votre image, c'est le but de votre identit\u00e9. Elle se doit d'\u00eatre compl\u00e8te, fluide et adaptable \u00e0 tous les supports sur lesquels vous l'appliquerez. Elle d\u00e9finira l'unicit\u00e9 de votre relation avec la client\u00e8le. En lui permettant de voir que vous lui apportez ce qu'elle souhaite et vous b\u00e2tirez ainsi une relation de confiance stable entre vous et vos clients.<\/span><\/blockquote><blockquote> <div data-shadow=\"\" class=\"image-icon has-bg\" style=\"background-image: url(https:\/\/www.vkdeersign.com\/wp-content\/uploads\/2021\/02\/edition-e1616599521332.png);\">&#8220;<\/div> <p>Edition <span role=\"none\" class=\"bottom-arrow\"><\/span><\/p><span class=\"testimonial-name\"><\/span><span class=\"title\">Les ouvrages imprim\u00e9s portent avec eux un charme, une force et une histoire. Ces atouts sont port\u00e9s par leur construction graphique, leur police d'\u00e9criture, leur fa\u00e7onnage. Une \u00e9dition, que ce soit un magazine, un journal, un livre de pr\u00e9sentation\u2026 apporte un sentiment de qualit\u00e9 qui l'on ne trouve sur aucun autre m\u00e9dium. De la maquette \u00e0 l'impression, je r\u00e9aliserai ce gage de qualit\u00e9 suppl\u00e9mentaire \u00e0 apporter \u00e0 votre client\u00e8le.<\/span><\/blockquote><blockquote> <div data-shadow=\"\" class=\"image-icon has-bg\" style=\"background-image: url(https:\/\/www.vkdeersign.com\/wp-content\/uploads\/2021\/02\/illus-e1616599542798.png);\">&#8220;<\/div> <p>Illustration <span role=\"none\" class=\"bottom-arrow\"><\/span><\/p><span class=\"testimonial-name\"><\/span><span class=\"title\">L'illustration est un de ces moyens qui permet d'entretenir la cr\u00e9ativit\u00e9, d'approfondir son style graphique dans les tendances de son \u00e9poque. Que ce soit une s\u00e9rie de visuels,une affiche, ou m\u00eame des pictogrammes personnalis\u00e9s\u2026 Tous ces \u00e9l\u00e9ments sont impr\u00e9gn\u00e9s d'un sentiment graphique qualitatif qui vient apporter une v\u00e9ritable plus value \u00e0 vos projets.<\/span><\/blockquote><blockquote> <div data-shadow=\"\" class=\"image-icon has-bg\" style=\"background-image: url(https:\/\/www.vkdeersign.com\/wp-content\/uploads\/2021\/02\/digital-e1616599561555.png);\">&#8220;<\/div> <p>Digital <span role=\"none\" class=\"bottom-arrow\"><\/span><\/p><span class=\"testimonial-name\"><\/span><span class=\"title\">Le graphisme est un outil de communication puissant s'il est d\u00e9ploy\u00e9 \u00e0 travers les bons supports. Les marques de notre \u00e9poque s'\u00e9panouissent gr\u00e2ce \u00e0 une pr\u00e9sence num\u00e9rique qui s'int\u00e8gre parfaitement dans la vie de leurs consommateurs. Ceci peut se faire par le d\u00e9veloppement de sites web ou d'applications qui sont \u00e0 la fois intuitifs et captivants. Mais aussi via le biais d'une communication digitale convaincante passant par les r\u00e9seaux sociaux et qui encourage une relation d'\u00e9change avec la client\u00e8le.<\/span><\/blockquote><\/div><\/div>\n\t\t\t<\/div> \n\t\t<\/div>\n\t<\/div> \n<\/div><\/div>","protected":false},"excerpt":{"rendered":"Mes prestations &#8220; Direction artistique \u00catre cr\u00e9atif, coh\u00e9rent et consistant est la cl\u00e9 de vo\u00fbte d'une direction artistique \u00e0 succ\u00e8s. Faites ressortir vos atouts et vos particularit\u00e9s dans l'univers que...","protected":false},"author":1,"featured_media":0,"parent":0,"menu_order":0,"comment_status":"closed","ping_status":"closed","template":"","meta":{"footnotes":""},"class_list":["post-3351","page","type-page","status-publish"],"yoast_head":"<!-- This site is optimized with the Yoast SEO plugin v27.5 - https:\/\/yoast.com\/product\/yoast-seo-wordpress\/ -->\n<title>Prestations - VK Deersign<\/title>\n<meta name=\"robots\" content=\"index, follow, max-snippet:-1, max-image-preview:large, max-video-preview:-1\" \/>\n<link rel=\"canonical\" href=\"https:\/\/www.vkdeersign.com\/en\/prestations\/\" \/>\n<meta property=\"og:locale\" content=\"en_US\" \/>\n<meta property=\"og:type\" content=\"article\" \/>\n<meta property=\"og:title\" content=\"Prestations - VK Deersign\" \/>\n<meta property=\"og:url\" content=\"https:\/\/www.vkdeersign.com\/en\/prestations\/\" \/>\n<meta property=\"og:site_name\" content=\"VK Deersign\" \/>\n<meta property=\"article:modified_time\" content=\"2021-03-19T11:01:41+00:00\" \/>\n<meta name=\"twitter:card\" content=\"summary_large_image\" \/>\n<meta name=\"twitter:label1\" content=\"Est. reading time\" \/>\n\t<meta name=\"twitter:data1\" content=\"4 minutes\" \/>\n<script type=\"application\/ld+json\" class=\"yoast-schema-graph\">{\"@context\":\"https:\\\/\\\/schema.org\",\"@graph\":[{\"@type\":\"WebPage\",\"@id\":\"https:\\\/\\\/www.vkdeersign.com\\\/prestations\\\/\",\"url\":\"https:\\\/\\\/www.vkdeersign.com\\\/prestations\\\/\",\"name\":\"Prestations - VK Deersign\",\"isPartOf\":{\"@id\":\"https:\\\/\\\/www.vkdeersign.com\\\/#website\"},\"datePublished\":\"2021-03-19T10:40:03+00:00\",\"dateModified\":\"2021-03-19T11:01:41+00:00\",\"breadcrumb\":{\"@id\":\"https:\\\/\\\/www.vkdeersign.com\\\/prestations\\\/#breadcrumb\"},\"inLanguage\":\"en-US\",\"potentialAction\":[{\"@type\":\"ReadAction\",\"target\":[\"https:\\\/\\\/www.vkdeersign.com\\\/prestations\\\/\"]}]},{\"@type\":\"BreadcrumbList\",\"@id\":\"https:\\\/\\\/www.vkdeersign.com\\\/prestations\\\/#breadcrumb\",\"itemListElement\":[{\"@type\":\"ListItem\",\"position\":1,\"name\":\"Accueil\",\"item\":\"https:\\\/\\\/www.vkdeersign.com\\\/\"},{\"@type\":\"ListItem\",\"position\":2,\"name\":\"Prestations\"}]},{\"@type\":\"WebSite\",\"@id\":\"https:\\\/\\\/www.vkdeersign.com\\\/#website\",\"url\":\"https:\\\/\\\/www.vkdeersign.com\\\/\",\"name\":\"VK Deersign\",\"description\":\"\",\"publisher\":{\"@id\":\"https:\\\/\\\/www.vkdeersign.com\\\/#organization\"},\"potentialAction\":[{\"@type\":\"SearchAction\",\"target\":{\"@type\":\"EntryPoint\",\"urlTemplate\":\"https:\\\/\\\/www.vkdeersign.com\\\/?s={search_term_string}\"},\"query-input\":{\"@type\":\"PropertyValueSpecification\",\"valueRequired\":true,\"valueName\":\"search_term_string\"}}],\"inLanguage\":\"en-US\"},{\"@type\":\"Organization\",\"@id\":\"https:\\\/\\\/www.vkdeersign.com\\\/#organization\",\"name\":\"VK Deersign\",\"url\":\"https:\\\/\\\/www.vkdeersign.com\\\/\",\"logo\":{\"@type\":\"ImageObject\",\"inLanguage\":\"en-US\",\"@id\":\"https:\\\/\\\/www.vkdeersign.com\\\/#\\\/schema\\\/logo\\\/image\\\/\",\"url\":\"https:\\\/\\\/www.vkdeersign.com\\\/wp-content\\\/uploads\\\/2021\\\/02\\\/Bronze-Brouth.png\",\"contentUrl\":\"https:\\\/\\\/www.vkdeersign.com\\\/wp-content\\\/uploads\\\/2021\\\/02\\\/Bronze-Brouth.png\",\"width\":328,\"height\":327,\"caption\":\"VK Deersign\"},\"image\":{\"@id\":\"https:\\\/\\\/www.vkdeersign.com\\\/#\\\/schema\\\/logo\\\/image\\\/\"},\"sameAs\":[\"https:\\\/\\\/www.instagram.com\\\/vkdeersign\\\/\"]}]}<\/script>\n<!-- \/ Yoast SEO plugin. -->","yoast_head_json":{"title":"Prestations - VK Deersign","robots":{"index":"index","follow":"follow","max-snippet":"max-snippet:-1","max-image-preview":"max-image-preview:large","max-video-preview":"max-video-preview:-1"},"canonical":"https:\/\/www.vkdeersign.com\/en\/prestations\/","og_locale":"en_US","og_type":"article","og_title":"Prestations - VK Deersign","og_url":"https:\/\/www.vkdeersign.com\/en\/prestations\/","og_site_name":"VK Deersign","article_modified_time":"2021-03-19T11:01:41+00:00","twitter_card":"summary_large_image","twitter_misc":{"Est. reading time":"4 minutes"},"schema":{"@context":"https:\/\/schema.org","@graph":[{"@type":"WebPage","@id":"https:\/\/www.vkdeersign.com\/prestations\/","url":"https:\/\/www.vkdeersign.com\/prestations\/","name":"Prestations - VK Deersign","isPartOf":{"@id":"https:\/\/www.vkdeersign.com\/#website"},"datePublished":"2021-03-19T10:40:03+00:00","dateModified":"2021-03-19T11:01:41+00:00","breadcrumb":{"@id":"https:\/\/www.vkdeersign.com\/prestations\/#breadcrumb"},"inLanguage":"en-US","potentialAction":[{"@type":"ReadAction","target":["https:\/\/www.vkdeersign.com\/prestations\/"]}]},{"@type":"BreadcrumbList","@id":"https:\/\/www.vkdeersign.com\/prestations\/#breadcrumb","itemListElement":[{"@type":"ListItem","position":1,"name":"Accueil","item":"https:\/\/www.vkdeersign.com\/"},{"@type":"ListItem","position":2,"name":"Prestations"}]},{"@type":"WebSite","@id":"https:\/\/www.vkdeersign.com\/#website","url":"https:\/\/www.vkdeersign.com\/","name":"VK Deersign","description":"","publisher":{"@id":"https:\/\/www.vkdeersign.com\/#organization"},"potentialAction":[{"@type":"SearchAction","target":{"@type":"EntryPoint","urlTemplate":"https:\/\/www.vkdeersign.com\/?s={search_term_string}"},"query-input":{"@type":"PropertyValueSpecification","valueRequired":true,"valueName":"search_term_string"}}],"inLanguage":"en-US"},{"@type":"Organization","@id":"https:\/\/www.vkdeersign.com\/#organization","name":"VK Deersign","url":"https:\/\/www.vkdeersign.com\/","logo":{"@type":"ImageObject","inLanguage":"en-US","@id":"https:\/\/www.vkdeersign.com\/#\/schema\/logo\/image\/","url":"https:\/\/www.vkdeersign.com\/wp-content\/uploads\/2021\/02\/Bronze-Brouth.png","contentUrl":"https:\/\/www.vkdeersign.com\/wp-content\/uploads\/2021\/02\/Bronze-Brouth.png","width":328,"height":327,"caption":"VK Deersign"},"image":{"@id":"https:\/\/www.vkdeersign.com\/#\/schema\/logo\/image\/"},"sameAs":["https:\/\/www.instagram.com\/vkdeersign\/"]}]}},"_links":{"self":[{"href":"https:\/\/www.vkdeersign.com\/en\/wp-json\/wp\/v2\/pages\/3351","targetHints":{"allow":["GET"]}}],"collection":[{"href":"https:\/\/www.vkdeersign.com\/en\/wp-json\/wp\/v2\/pages"}],"about":[{"href":"https:\/\/www.vkdeersign.com\/en\/wp-json\/wp\/v2\/types\/page"}],"author":[{"embeddable":true,"href":"https:\/\/www.vkdeersign.com\/en\/wp-json\/wp\/v2\/users\/1"}],"replies":[{"embeddable":true,"href":"https:\/\/www.vkdeersign.com\/en\/wp-json\/wp\/v2\/comments?post=3351"}],"version-history":[{"count":5,"href":"https:\/\/www.vkdeersign.com\/en\/wp-json\/wp\/v2\/pages\/3351\/revisions"}],"predecessor-version":[{"id":3359,"href":"https:\/\/www.vkdeersign.com\/en\/wp-json\/wp\/v2\/pages\/3351\/revisions\/3359"}],"wp:attachment":[{"href":"https:\/\/www.vkdeersign.com\/en\/wp-json\/wp\/v2\/media?parent=3351"}],"curies":[{"name":"wp","href":"https:\/\/api.w.org\/{rel}","templated":true}]}}