{"id":3282,"date":"2021-03-12T10:30:20","date_gmt":"2021-03-12T09:30:20","guid":{"rendered":"https:\/\/www.vkdeersign.com\/?page_id=3282"},"modified":"2025-04-22T12:08:38","modified_gmt":"2025-04-22T10:08:38","slug":"a-propos-de-moi","status":"publish","type":"page","link":"https:\/\/www.vkdeersign.com\/en\/a-propos-de-moi\/","title":{"rendered":"Qui suis-je?"},"content":{"rendered":"<div id=\"fws_69e8d3553a1fa\"  data-column-margin=\"default\" data-midnight=\"dark\"  class=\"wpb_row vc_row-fluid vc_row full-width-content vc_row-o-equal-height vc_row-flex vc_row-o-content-top\"  style=\"padding-top: 0px; padding-bottom: 0px; \"><div class=\"row-bg-wrap\" data-bg-animation=\"none\" data-bg-animation-delay=\"\" data-bg-overlay=\"false\"><div class=\"inner-wrap row-bg-layer\" ><div class=\"row-bg viewport-desktop\"  style=\"\"><\/div><\/div><\/div><div class=\"row_col_wrap_12 col span_12 dark left\">\n\t<div  class=\"vc_col-sm-12 vc_hidden-lg vc_hidden-md wpb_column column_container vc_column_container col no-extra-padding inherit_tablet inherit_phone\"  data-padding-pos=\"all\" data-has-bg-color=\"false\" data-bg-color=\"\" data-bg-opacity=\"1\" data-animation=\"\" data-delay=\"0\" >\n\t\t<div class=\"vc_column-inner\" >\n\t\t\t<div class=\"wpb_wrapper\">\n\t\t\t\t<div class=\"img-with-aniamtion-wrap\" data-max-width=\"100%\" data-max-width-mobile=\"default\" data-shadow=\"none\" data-animation=\"fade-in\" >\n      <div class=\"inner\">\n        <div class=\"hover-wrap\"> \n          <div class=\"hover-wrap-inner\">\n            <img loading=\"lazy\" decoding=\"async\" class=\"img-with-animation skip-lazy\" data-delay=\"0\" height=\"1144\" width=\"851\" data-animation=\"fade-in\" src=\"https:\/\/www.vkdeersign.com\/wp-content\/uploads\/2021\/02\/photo-site.jpg\" alt=\"Vincent Kernin - Designer\" srcset=\"https:\/\/www.vkdeersign.com\/wp-content\/uploads\/2021\/02\/photo-site.jpg 851w, https:\/\/www.vkdeersign.com\/wp-content\/uploads\/2021\/02\/photo-site-223x300.jpg 223w, https:\/\/www.vkdeersign.com\/wp-content\/uploads\/2021\/02\/photo-site-762x1024.jpg 762w, https:\/\/www.vkdeersign.com\/wp-content\/uploads\/2021\/02\/photo-site-768x1032.jpg 768w\" sizes=\"auto, (max-width: 851px) 100vw, 851px\" \/>\n          <\/div>\n        <\/div>\n      <\/div>\n    <\/div>\n\t\t\t<\/div> \n\t\t<\/div>\n\t<\/div> \n<\/div><\/div>\n\t\t<div id=\"fws_69e8d3553af46\"  data-column-margin=\"default\" data-midnight=\"dark\"  class=\"wpb_row vc_row-fluid vc_row\"  style=\"padding-top: 0px; padding-bottom: 0px; \"><div class=\"row-bg-wrap\" data-bg-animation=\"none\" data-bg-animation-delay=\"\" data-bg-overlay=\"false\"><div class=\"inner-wrap row-bg-layer\" ><div class=\"row-bg viewport-desktop\"  style=\"\"><\/div><\/div><\/div><div class=\"row_col_wrap_12 col span_12 dark left\">\n\t<div  class=\"vc_col-sm-12 vc_hidden-lg vc_hidden-md wpb_column column_container vc_column_container col centered-text no-extra-padding inherit_tablet inherit_phone\"  data-padding-pos=\"all\" data-has-bg-color=\"false\" data-bg-color=\"\" data-bg-opacity=\"1\" data-animation=\"\" data-delay=\"0\" >\n\t\t<div class=\"vc_column-inner\" >\n\t\t\t<div class=\"wpb_wrapper\">\n\t\t\t\t<div class=\"img-with-aniamtion-wrap center\" data-max-width=\"50%\" data-max-width-mobile=\"default\" data-shadow=\"none\" data-animation=\"fade-in\" >\n      <div class=\"inner\">\n        <div class=\"hover-wrap\"> \n          <div class=\"hover-wrap-inner\">\n            <img loading=\"lazy\" decoding=\"async\" class=\"img-with-animation skip-lazy\" data-delay=\"0\" height=\"327\" width=\"328\" data-animation=\"fade-in\" src=\"https:\/\/www.vkdeersign.com\/wp-content\/uploads\/2021\/02\/Bronze-Brouth.png\" alt=\"Logo VK Deersign\" srcset=\"https:\/\/www.vkdeersign.com\/wp-content\/uploads\/2021\/02\/Bronze-Brouth.png 328w, https:\/\/www.vkdeersign.com\/wp-content\/uploads\/2021\/02\/Bronze-Brouth-300x300.png 300w, https:\/\/www.vkdeersign.com\/wp-content\/uploads\/2021\/02\/Bronze-Brouth-150x150.png 150w, https:\/\/www.vkdeersign.com\/wp-content\/uploads\/2021\/02\/Bronze-Brouth-100x100.png 100w, https:\/\/www.vkdeersign.com\/wp-content\/uploads\/2021\/02\/Bronze-Brouth-140x140.png 140w\" sizes=\"auto, (max-width: 328px) 100vw, 328px\" \/>\n          <\/div>\n        <\/div>\n      <\/div>\n    <\/div><div class=\"col span_12 section-title text-align-center extra-padding\"><h2>\n<h1>About me<\/h1>\n<\/h2><\/div><div class=\"clear\"><\/div>\n<div class=\"wpb_text_column wpb_content_element  vc_custom_1613473060415\" >\n\t<div class=\"wpb_wrapper\">\n\t\t<p style=\"text-align: left;\">Je m&rsquo;appelle Vincent Kernin, j\u2019ai 31 ans et je suis designer. Apr\u00e8s plusieurs ann\u00e9es d\u2019exp\u00e9rience en r\u00e9gion parisienne et en Savoie, j\u2019ai choisi de revenir m\u2019installer \u00e0 Lorient, au c\u0153ur du Morbihan, ma terre natale. Je l\u2019admets volontiers : je suis passionn\u00e9 par le graphisme, l\u2019\u00e9dition, l\u2019illustration et, plus largement, tout ce qui touche \u00e0 l\u2019univers du design.<\/p>\n\t<\/div>\n<\/div>\n\n\n\n<div class=\"img-with-aniamtion-wrap center\" data-max-width=\"100%\" data-max-width-mobile=\"default\" data-shadow=\"none\" data-animation=\"fade-in\"  style=\"margin-top: 30px; margin-bottom: 30px; \">\n      <div class=\"inner\">\n        <div class=\"hover-wrap\"> \n          <div class=\"hover-wrap-inner\">\n            <img loading=\"lazy\" decoding=\"async\" class=\"img-with-animation skip-lazy\" data-delay=\"0\" height=\"14\" width=\"120\" data-animation=\"fade-in\" src=\"https:\/\/www.vkdeersign.com\/wp-content\/uploads\/2021\/02\/stylo.png\" alt=\"\"  \/>\n          <\/div>\n        <\/div>\n      <\/div>\n    <\/div>\n<div class=\"wpb_text_column wpb_content_element  vc_custom_1636201718596\" >\n\t<div class=\"wpb_wrapper\">\n\t\t<p style=\"text-align: left;\">Au fil des ann\u00e9es, j\u2019ai acquis une solide exp\u00e9rience professionnelle \u00e0 travers diverses collaborations : avec Center Parcs, le Parc national des \u00c9crins, des agences de communication, mais aussi dans l\u2019univers de l\u2019\u00e9v\u00e9nementiel. J\u2019ai notamment eu l\u2019opportunit\u00e9 de piloter et de d\u00e9ployer l\u2019identit\u00e9 visuelle de grandes courses telles que l\u2019Arkea Ultim Challenge Brest et la Solitaire du Figaro.<\/p>\n\t<\/div>\n<\/div>\n\n\n\n<div class=\"img-with-aniamtion-wrap center\" data-max-width=\"100%\" data-max-width-mobile=\"default\" data-shadow=\"none\" data-animation=\"fade-in\"  style=\"margin-top: 30px; margin-bottom: 30px; \">\n      <div class=\"inner\">\n        <div class=\"hover-wrap\"> \n          <div class=\"hover-wrap-inner\">\n            <img loading=\"lazy\" decoding=\"async\" class=\"img-with-animation skip-lazy\" data-delay=\"0\" height=\"19\" width=\"96\" data-animation=\"fade-in\" src=\"https:\/\/www.vkdeersign.com\/wp-content\/uploads\/2021\/02\/montre.png\" alt=\"montre\"  \/>\n          <\/div>\n        <\/div>\n      <\/div>\n    <\/div>\n<div class=\"wpb_text_column wpb_content_element  vc_custom_1613473071190\" >\n\t<div class=\"wpb_wrapper\">\n\t\t<p style=\"text-align: left;\">Je suis aujourd&rsquo;hui doublement dipl\u00f4m\u00e9 de design. Un BTS de design graphique obtenu \u00e0 Strasbourg, et un Master en direction artistique effectu\u00e9 en alternance \u00e0 Paris. Ces 5 ann\u00e9es m&rsquo;ont appris le d\u00e9vouement au soin et \u00e0 l&rsquo;excellence.<\/p>\n\t<\/div>\n<\/div>\n\n\n\n<div class=\"img-with-aniamtion-wrap center\" data-max-width=\"100%\" data-max-width-mobile=\"default\" data-shadow=\"none\" data-animation=\"fade-in\"  style=\"margin-top: 30px; margin-bottom: 30px; \">\n      <div class=\"inner\">\n        <div class=\"hover-wrap\"> \n          <div class=\"hover-wrap-inner\">\n            <img loading=\"lazy\" decoding=\"async\" class=\"img-with-animation skip-lazy\" data-delay=\"0\" height=\"33\" width=\"97\" data-animation=\"fade-in\" src=\"https:\/\/www.vkdeersign.com\/wp-content\/uploads\/2021\/02\/tasse.png\" alt=\"tasse\"  \/>\n          <\/div>\n        <\/div>\n      <\/div>\n    <\/div>\n<div class=\"wpb_text_column wpb_content_element\" >\n\t<div class=\"wpb_wrapper\">\n\t\t<p style=\"text-align: left;\">In addition to my own skills, I also have a large network of professionals at my disposal. If a set of expertise is required to complete your project, I know who to contact and what to ask them.<\/p>\n\t<\/div>\n<\/div>\n\n\n\n\n\t\t\t<\/div> \n\t\t<\/div>\n\t<\/div> \n<\/div><\/div>\n\t\t<div id=\"fws_69e8d3553cb6b\"  data-column-margin=\"default\" data-midnight=\"dark\"  class=\"wpb_row vc_row-fluid vc_row\"  style=\"padding-top: 0px; padding-bottom: 0px; \"><div class=\"row-bg-wrap\" data-bg-animation=\"none\" data-bg-animation-delay=\"\" data-bg-overlay=\"false\"><div class=\"inner-wrap row-bg-layer\" ><div class=\"row-bg viewport-desktop\"  style=\"\"><\/div><\/div><\/div><div class=\"row_col_wrap_12 col span_12 dark left\">\n\t<div  class=\"vc_col-sm-12 vc_hidden-sm vc_hidden-xs wpb_column column_container vc_column_container col centered-text no-extra-padding inherit_tablet inherit_phone\"  data-padding-pos=\"all\" data-has-bg-color=\"false\" data-bg-color=\"\" data-bg-opacity=\"1\" data-animation=\"\" data-delay=\"0\" >\n\t\t<div class=\"vc_column-inner\" >\n\t\t\t<div class=\"wpb_wrapper\">\n\t\t\t\t<div class=\"img-with-aniamtion-wrap center\" data-max-width=\"50%\" data-max-width-mobile=\"default\" data-shadow=\"none\" data-animation=\"fade-in\" >\n      <div class=\"inner\">\n        <div class=\"hover-wrap\"> \n          <div class=\"hover-wrap-inner\">\n            <img loading=\"lazy\" decoding=\"async\" class=\"img-with-animation skip-lazy\" data-delay=\"0\" height=\"327\" width=\"328\" data-animation=\"fade-in\" src=\"https:\/\/www.vkdeersign.com\/wp-content\/uploads\/2021\/02\/Bronze-Brouth.png\" alt=\"Logo VK Deersign\" srcset=\"https:\/\/www.vkdeersign.com\/wp-content\/uploads\/2021\/02\/Bronze-Brouth.png 328w, https:\/\/www.vkdeersign.com\/wp-content\/uploads\/2021\/02\/Bronze-Brouth-300x300.png 300w, https:\/\/www.vkdeersign.com\/wp-content\/uploads\/2021\/02\/Bronze-Brouth-150x150.png 150w, https:\/\/www.vkdeersign.com\/wp-content\/uploads\/2021\/02\/Bronze-Brouth-100x100.png 100w, https:\/\/www.vkdeersign.com\/wp-content\/uploads\/2021\/02\/Bronze-Brouth-140x140.png 140w\" sizes=\"auto, (max-width: 328px) 100vw, 328px\" \/>\n          <\/div>\n        <\/div>\n      <\/div>\n    <\/div><div class=\"col span_12 section-title text-align-center extra-padding\"><h2>\n<h1>About me<\/h1>\n<\/h2><\/div><div class=\"clear\"><\/div><div id=\"fws_69e8d3553d270\" data-midnight=\"\" data-column-margin=\"default\" class=\"wpb_row vc_row-fluid vc_row inner_row vc_row-o-equal-height vc_row-flex vc_row-o-content-middle\"  style=\"\"><div class=\"row-bg-wrap\"> <div class=\"row-bg\" ><\/div> <\/div><div class=\"row_col_wrap_12_inner col span_12  left\">\n\t<div  class=\"vc_col-sm-6 vc_hidden-sm vc_hidden-xs wpb_column column_container vc_column_container col child_column no-extra-padding inherit_tablet inherit_phone\"   data-padding-pos=\"all\" data-has-bg-color=\"false\" data-bg-color=\"\" data-bg-opacity=\"1\" data-animation=\"\" data-delay=\"0\" >\n\t\t<div class=\"vc_column-inner\" >\n\t\t<div class=\"wpb_wrapper\">\n\t\t\t<div class=\"img-with-aniamtion-wrap\" data-max-width=\"100%\" data-max-width-mobile=\"default\" data-shadow=\"none\" data-animation=\"fade-in-from-bottom\" >\n      <div class=\"inner\">\n        <div class=\"hover-wrap\"> \n          <div class=\"hover-wrap-inner\">\n            <img loading=\"lazy\" decoding=\"async\" class=\"img-with-animation skip-lazy\" data-delay=\"0\" height=\"965\" width=\"851\" data-animation=\"fade-in-from-bottom\" src=\"https:\/\/www.vkdeersign.com\/wp-content\/uploads\/2021\/09\/vincentkernin.jpg\" alt=\"\" srcset=\"https:\/\/www.vkdeersign.com\/wp-content\/uploads\/2021\/09\/vincentkernin.jpg 851w, https:\/\/www.vkdeersign.com\/wp-content\/uploads\/2021\/09\/vincentkernin-265x300.jpg 265w, https:\/\/www.vkdeersign.com\/wp-content\/uploads\/2021\/09\/vincentkernin-768x871.jpg 768w, https:\/\/www.vkdeersign.com\/wp-content\/uploads\/2021\/09\/vincentkernin-11x12.jpg 11w\" sizes=\"auto, (max-width: 851px) 100vw, 851px\" \/>\n          <\/div>\n        <\/div>\n      <\/div>\n    <\/div>\n\t\t<\/div> \n\t<\/div>\n\t<\/div> \n\n\t<div  class=\"vc_col-sm-6 twenty wpb_column column_container vc_column_container col child_column has-animation no-extra-padding inherit_tablet inherit_phone\"   data-padding-pos=\"all\" data-has-bg-color=\"false\" data-bg-color=\"\" data-bg-opacity=\"1\" data-animation=\"fade-in-from-bottom\" data-delay=\"0\" >\n\t\t<div class=\"vc_column-inner\" >\n\t\t<div class=\"wpb_wrapper\">\n\t\t\t\n<div class=\"wpb_text_column wpb_content_element  wpb_animate_when_almost_visible wpb_fadeInUp fadeInUp vc_custom_1636384201163\" >\n\t<div class=\"wpb_wrapper\">\n\t\t<p style=\"text-align: left;\">Je m&rsquo;appelle Vincent Kernin, j\u2019ai 31 ans et je suis designer. Apr\u00e8s plusieurs ann\u00e9es d\u2019exp\u00e9rience en r\u00e9gion parisienne et en Savoie, j\u2019ai choisi de revenir m\u2019installer \u00e0 Lorient, au c\u0153ur du Morbihan, ma terre natale. Je l\u2019admets volontiers : je suis passionn\u00e9 par le graphisme, l\u2019\u00e9dition, l\u2019illustration et, plus largement, tout ce qui touche \u00e0 l\u2019univers du design.<\/p>\n\t<\/div>\n<\/div>\n\n\n\n<div class=\"img-with-aniamtion-wrap center\" data-max-width=\"100%\" data-max-width-mobile=\"default\" data-shadow=\"none\" data-animation=\"fade-in\"  style=\"margin-top: 30px; margin-bottom: 30px; \">\n      <div class=\"inner\">\n        <div class=\"hover-wrap\"> \n          <div class=\"hover-wrap-inner\">\n            <img loading=\"lazy\" decoding=\"async\" class=\"img-with-animation skip-lazy\" data-delay=\"0\" height=\"14\" width=\"120\" data-animation=\"fade-in\" src=\"https:\/\/www.vkdeersign.com\/wp-content\/uploads\/2021\/02\/stylo.png\" alt=\"\"  \/>\n          <\/div>\n        <\/div>\n      <\/div>\n    <\/div>\n<div class=\"wpb_text_column wpb_content_element  wpb_animate_when_almost_visible wpb_fadeInUp fadeInUp vc_custom_1636201734853\" >\n\t<div class=\"wpb_wrapper\">\n\t\t<p style=\"text-align: left;\">Au fil des ann\u00e9es, j\u2019ai acquis une solide exp\u00e9rience professionnelle \u00e0 travers diverses collaborations : avec Center Parcs, le Parc national des \u00c9crins, des agences de communication, mais aussi dans l\u2019univers de l\u2019\u00e9v\u00e9nementiel. J\u2019ai notamment eu l\u2019opportunit\u00e9 de piloter et de d\u00e9ployer l\u2019identit\u00e9 visuelle de grandes courses telles que l\u2019Arkea Ultim Challenge Brest et la Solitaire du Figaro.<\/p>\n\t<\/div>\n<\/div>\n\n\n\n<div class=\"img-with-aniamtion-wrap center\" data-max-width=\"100%\" data-max-width-mobile=\"default\" data-shadow=\"none\" data-animation=\"fade-in\"  style=\"margin-top: 30px; margin-bottom: 30px; \">\n      <div class=\"inner\">\n        <div class=\"hover-wrap\"> \n          <div class=\"hover-wrap-inner\">\n            <img loading=\"lazy\" decoding=\"async\" class=\"img-with-animation skip-lazy\" data-delay=\"0\" height=\"19\" width=\"96\" data-animation=\"fade-in\" src=\"https:\/\/www.vkdeersign.com\/wp-content\/uploads\/2021\/02\/montre.png\" alt=\"montre\"  \/>\n          <\/div>\n        <\/div>\n      <\/div>\n    <\/div>\n<div class=\"wpb_text_column wpb_content_element  wpb_animate_when_almost_visible wpb_fadeInUp fadeInUp vc_custom_1622108505951\" >\n\t<div class=\"wpb_wrapper\">\n\t\t<p style=\"text-align: left;\">Je suis aujourd&rsquo;hui doublement dipl\u00f4m\u00e9 de design. Un BTS de design graphique obtenu \u00e0 Strasbourg, et un Master en direction artistique effectu\u00e9 en alternance \u00e0 Paris. Ces 5 ann\u00e9es m&rsquo;ont appris le d\u00e9vouement au soin et \u00e0 l&rsquo;excellence.<\/p>\n\t<\/div>\n<\/div>\n\n\n\n<div class=\"img-with-aniamtion-wrap center\" data-max-width=\"100%\" data-max-width-mobile=\"default\" data-shadow=\"none\" data-animation=\"fade-in\"  style=\"margin-top: 30px; margin-bottom: 30px; \">\n      <div class=\"inner\">\n        <div class=\"hover-wrap\"> \n          <div class=\"hover-wrap-inner\">\n            <img loading=\"lazy\" decoding=\"async\" class=\"img-with-animation skip-lazy\" data-delay=\"0\" height=\"33\" width=\"97\" data-animation=\"fade-in\" src=\"https:\/\/www.vkdeersign.com\/wp-content\/uploads\/2021\/02\/tasse.png\" alt=\"tasse\"  \/>\n          <\/div>\n        <\/div>\n      <\/div>\n    <\/div>\n<div class=\"wpb_text_column wpb_content_element  wpb_animate_when_almost_visible wpb_fadeInUp fadeInUp\" >\n\t<div class=\"wpb_wrapper\">\n\t\t<p style=\"text-align: left;\">In addition to my own skills, I also have a large network of professionals at my disposal. If a set of expertise is required to complete your project, I know who to contact and what to ask them.<\/p>\n\t<\/div>\n<\/div>\n\n\n\n\n\t\t<\/div> \n\t<\/div>\n\t<\/div> \n<\/div><\/div>\n\t\t\t<\/div> \n\t\t<\/div>\n\t<\/div> \n<\/div><\/div>\n\t\t<div id=\"fws_69e8d3553e4f8\"  data-column-margin=\"default\" data-midnight=\"dark\"  class=\"wpb_row vc_row-fluid vc_row\"  style=\"padding-top: 0px; padding-bottom: 0px; \"><div class=\"row-bg-wrap\" data-bg-animation=\"none\" data-bg-animation-delay=\"\" data-bg-overlay=\"false\"><div class=\"inner-wrap row-bg-layer\" ><div class=\"row-bg viewport-desktop\"  style=\"\"><\/div><\/div><\/div><div class=\"row_col_wrap_12 col span_12 dark left\">\n\t<div  class=\"vc_col-sm-12 wpb_column column_container vc_column_container col no-extra-padding inherit_tablet inherit_phone\"  data-padding-pos=\"all\" data-has-bg-color=\"false\" data-bg-color=\"\" data-bg-opacity=\"1\" data-animation=\"\" data-delay=\"0\" >\n\t\t<div class=\"vc_column-inner\" >\n\t\t\t<div class=\"wpb_wrapper\">\n\t\t\t\t\n<div class=\"wpb_text_column wpb_content_element  vc_custom_1613660029583 greytitle\" >\n\t<div class=\"wpb_wrapper\">\n\t\t<p style=\"text-align: center;\">Find my latest works on instagram<\/p>\n\t<\/div>\n<\/div>\n\n\n\n\n\t<div class=\"wpb_raw_code wpb_content_element wpb_raw_html\" >\n\t\t<div class=\"wpb_wrapper\">\n\t\t\t\n<div id=\"sb_instagram\"  class=\"sbi sbi_mob_col_1 sbi_tab_col_2 sbi_col_4\" style=\"width: 100%;\"\t data-feedid=\"*1\"  data-res=\"full\" data-cols=\"4\" data-colsmobile=\"1\" data-colstablet=\"2\" data-num=\"4\" data-nummobile=\"\" data-item-padding=\"\"\t data-shortcode-atts=\"{}\"  data-postid=\"3282\" data-locatornonce=\"6d4977b8da\" data-imageaspectratio=\"1:1\" data-sbi-flags=\"favorLocal,gdpr\">\n\t\n\t<div id=\"sbi_images\" >\n\t\t\t<\/div>\n\n\t<div id=\"sbi_load\" >\n\n\t\n\t\n<\/div>\n\t\t<span class=\"sbi_resized_image_data\" data-feed-id=\"*1\"\n\t\t  data-resized=\"[]\">\n\t<\/span>\n\t<\/div>\n\n\n\t\t<\/div>\n\t<\/div>\n\n\t\t\t<\/div> \n\t\t<\/div>\n\t<\/div> \n<\/div><\/div>","protected":false},"excerpt":{"rendered":"\u00c0 propos de moi Je m'appelle Vincent Kernin, j\u2019ai 31 ans et je suis designer. Apr\u00e8s plusieurs ann\u00e9es d\u2019exp\u00e9rience en r\u00e9gion parisienne et en Savoie, j\u2019ai choisi de revenir m\u2019installer...","protected":false},"author":1,"featured_media":0,"parent":0,"menu_order":0,"comment_status":"closed","ping_status":"closed","template":"","meta":{"footnotes":""},"class_list":["post-3282","page","type-page","status-publish"],"yoast_head":"<!-- This site is optimized with the Yoast SEO plugin v27.4 - https:\/\/yoast.com\/product\/yoast-seo-wordpress\/ -->\n<title>Qui suis-je? - VK Deersign<\/title>\n<meta name=\"robots\" content=\"index, follow, max-snippet:-1, max-image-preview:large, max-video-preview:-1\" \/>\n<link rel=\"canonical\" href=\"https:\/\/www.vkdeersign.com\/en\/a-propos-de-moi\/\" \/>\n<meta property=\"og:locale\" content=\"en_US\" \/>\n<meta property=\"og:type\" content=\"article\" \/>\n<meta property=\"og:title\" content=\"Qui suis-je? - VK Deersign\" \/>\n<meta property=\"og:url\" content=\"https:\/\/www.vkdeersign.com\/en\/a-propos-de-moi\/\" \/>\n<meta property=\"og:site_name\" content=\"VK Deersign\" \/>\n<meta property=\"article:modified_time\" content=\"2025-04-22T10:08:38+00:00\" \/>\n<meta name=\"twitter:card\" content=\"summary_large_image\" \/>\n<meta name=\"twitter:label1\" content=\"Est. reading time\" \/>\n\t<meta name=\"twitter:data1\" content=\"4 minutes\" \/>\n<script type=\"application\/ld+json\" class=\"yoast-schema-graph\">{\"@context\":\"https:\\\/\\\/schema.org\",\"@graph\":[{\"@type\":\"WebPage\",\"@id\":\"https:\\\/\\\/www.vkdeersign.com\\\/a-propos-de-moi\\\/\",\"url\":\"https:\\\/\\\/www.vkdeersign.com\\\/a-propos-de-moi\\\/\",\"name\":\"Qui suis-je? - VK Deersign\",\"isPartOf\":{\"@id\":\"https:\\\/\\\/www.vkdeersign.com\\\/#website\"},\"datePublished\":\"2021-03-12T09:30:20+00:00\",\"dateModified\":\"2025-04-22T10:08:38+00:00\",\"breadcrumb\":{\"@id\":\"https:\\\/\\\/www.vkdeersign.com\\\/a-propos-de-moi\\\/#breadcrumb\"},\"inLanguage\":\"en-US\",\"potentialAction\":[{\"@type\":\"ReadAction\",\"target\":[\"https:\\\/\\\/www.vkdeersign.com\\\/a-propos-de-moi\\\/\"]}]},{\"@type\":\"BreadcrumbList\",\"@id\":\"https:\\\/\\\/www.vkdeersign.com\\\/a-propos-de-moi\\\/#breadcrumb\",\"itemListElement\":[{\"@type\":\"ListItem\",\"position\":1,\"name\":\"Accueil\",\"item\":\"https:\\\/\\\/www.vkdeersign.com\\\/\"},{\"@type\":\"ListItem\",\"position\":2,\"name\":\"Qui suis-je?\"}]},{\"@type\":\"WebSite\",\"@id\":\"https:\\\/\\\/www.vkdeersign.com\\\/#website\",\"url\":\"https:\\\/\\\/www.vkdeersign.com\\\/\",\"name\":\"VK Deersign\",\"description\":\"\",\"publisher\":{\"@id\":\"https:\\\/\\\/www.vkdeersign.com\\\/#organization\"},\"potentialAction\":[{\"@type\":\"SearchAction\",\"target\":{\"@type\":\"EntryPoint\",\"urlTemplate\":\"https:\\\/\\\/www.vkdeersign.com\\\/?s={search_term_string}\"},\"query-input\":{\"@type\":\"PropertyValueSpecification\",\"valueRequired\":true,\"valueName\":\"search_term_string\"}}],\"inLanguage\":\"en-US\"},{\"@type\":\"Organization\",\"@id\":\"https:\\\/\\\/www.vkdeersign.com\\\/#organization\",\"name\":\"VK Deersign\",\"url\":\"https:\\\/\\\/www.vkdeersign.com\\\/\",\"logo\":{\"@type\":\"ImageObject\",\"inLanguage\":\"en-US\",\"@id\":\"https:\\\/\\\/www.vkdeersign.com\\\/#\\\/schema\\\/logo\\\/image\\\/\",\"url\":\"https:\\\/\\\/www.vkdeersign.com\\\/wp-content\\\/uploads\\\/2021\\\/02\\\/Bronze-Brouth.png\",\"contentUrl\":\"https:\\\/\\\/www.vkdeersign.com\\\/wp-content\\\/uploads\\\/2021\\\/02\\\/Bronze-Brouth.png\",\"width\":328,\"height\":327,\"caption\":\"VK Deersign\"},\"image\":{\"@id\":\"https:\\\/\\\/www.vkdeersign.com\\\/#\\\/schema\\\/logo\\\/image\\\/\"},\"sameAs\":[\"https:\\\/\\\/www.instagram.com\\\/vkdeersign\\\/\"]}]}<\/script>\n<!-- \/ Yoast SEO plugin. -->","yoast_head_json":{"title":"Qui suis-je? - VK Deersign","robots":{"index":"index","follow":"follow","max-snippet":"max-snippet:-1","max-image-preview":"max-image-preview:large","max-video-preview":"max-video-preview:-1"},"canonical":"https:\/\/www.vkdeersign.com\/en\/a-propos-de-moi\/","og_locale":"en_US","og_type":"article","og_title":"Qui suis-je? - VK Deersign","og_url":"https:\/\/www.vkdeersign.com\/en\/a-propos-de-moi\/","og_site_name":"VK Deersign","article_modified_time":"2025-04-22T10:08:38+00:00","twitter_card":"summary_large_image","twitter_misc":{"Est. reading time":"4 minutes"},"schema":{"@context":"https:\/\/schema.org","@graph":[{"@type":"WebPage","@id":"https:\/\/www.vkdeersign.com\/a-propos-de-moi\/","url":"https:\/\/www.vkdeersign.com\/a-propos-de-moi\/","name":"Qui suis-je? - VK Deersign","isPartOf":{"@id":"https:\/\/www.vkdeersign.com\/#website"},"datePublished":"2021-03-12T09:30:20+00:00","dateModified":"2025-04-22T10:08:38+00:00","breadcrumb":{"@id":"https:\/\/www.vkdeersign.com\/a-propos-de-moi\/#breadcrumb"},"inLanguage":"en-US","potentialAction":[{"@type":"ReadAction","target":["https:\/\/www.vkdeersign.com\/a-propos-de-moi\/"]}]},{"@type":"BreadcrumbList","@id":"https:\/\/www.vkdeersign.com\/a-propos-de-moi\/#breadcrumb","itemListElement":[{"@type":"ListItem","position":1,"name":"Accueil","item":"https:\/\/www.vkdeersign.com\/"},{"@type":"ListItem","position":2,"name":"Qui suis-je?"}]},{"@type":"WebSite","@id":"https:\/\/www.vkdeersign.com\/#website","url":"https:\/\/www.vkdeersign.com\/","name":"VK Deersign","description":"","publisher":{"@id":"https:\/\/www.vkdeersign.com\/#organization"},"potentialAction":[{"@type":"SearchAction","target":{"@type":"EntryPoint","urlTemplate":"https:\/\/www.vkdeersign.com\/?s={search_term_string}"},"query-input":{"@type":"PropertyValueSpecification","valueRequired":true,"valueName":"search_term_string"}}],"inLanguage":"en-US"},{"@type":"Organization","@id":"https:\/\/www.vkdeersign.com\/#organization","name":"VK Deersign","url":"https:\/\/www.vkdeersign.com\/","logo":{"@type":"ImageObject","inLanguage":"en-US","@id":"https:\/\/www.vkdeersign.com\/#\/schema\/logo\/image\/","url":"https:\/\/www.vkdeersign.com\/wp-content\/uploads\/2021\/02\/Bronze-Brouth.png","contentUrl":"https:\/\/www.vkdeersign.com\/wp-content\/uploads\/2021\/02\/Bronze-Brouth.png","width":328,"height":327,"caption":"VK Deersign"},"image":{"@id":"https:\/\/www.vkdeersign.com\/#\/schema\/logo\/image\/"},"sameAs":["https:\/\/www.instagram.com\/vkdeersign\/"]}]}},"_links":{"self":[{"href":"https:\/\/www.vkdeersign.com\/en\/wp-json\/wp\/v2\/pages\/3282","targetHints":{"allow":["GET"]}}],"collection":[{"href":"https:\/\/www.vkdeersign.com\/en\/wp-json\/wp\/v2\/pages"}],"about":[{"href":"https:\/\/www.vkdeersign.com\/en\/wp-json\/wp\/v2\/types\/page"}],"author":[{"embeddable":true,"href":"https:\/\/www.vkdeersign.com\/en\/wp-json\/wp\/v2\/users\/1"}],"replies":[{"embeddable":true,"href":"https:\/\/www.vkdeersign.com\/en\/wp-json\/wp\/v2\/comments?post=3282"}],"version-history":[{"count":17,"href":"https:\/\/www.vkdeersign.com\/en\/wp-json\/wp\/v2\/pages\/3282\/revisions"}],"predecessor-version":[{"id":3576,"href":"https:\/\/www.vkdeersign.com\/en\/wp-json\/wp\/v2\/pages\/3282\/revisions\/3576"}],"wp:attachment":[{"href":"https:\/\/www.vkdeersign.com\/en\/wp-json\/wp\/v2\/media?parent=3282"}],"curies":[{"name":"wp","href":"https:\/\/api.w.org\/{rel}","templated":true}]}}