{"id":3111,"date":"2021-02-08T19:21:57","date_gmt":"2021-02-08T18:21:57","guid":{"rendered":"https:\/\/www.vkdeersign.com\/?page_id=3111"},"modified":"2021-09-29T11:52:24","modified_gmt":"2021-09-29T09:52:24","slug":"credits","status":"publish","type":"page","link":"https:\/\/www.vkdeersign.com\/en\/credits\/","title":{"rendered":"Cr\u00e9dits"},"content":{"rendered":"<div id=\"fws_69e8d35b35643\"  data-column-margin=\"default\" data-midnight=\"dark\"  class=\"wpb_row vc_row-fluid vc_row\"  style=\"padding-top: 100px; padding-bottom: 0px; \"><div class=\"row-bg-wrap\" data-bg-animation=\"none\" data-bg-animation-delay=\"\" data-bg-overlay=\"false\"><div class=\"inner-wrap row-bg-layer\" ><div class=\"row-bg viewport-desktop\"  style=\"\"><\/div><\/div><\/div><div class=\"row_col_wrap_12 col span_12 dark left\">\n\t<div  class=\"vc_col-sm-12 vc_hidden-lg vc_hidden-md wpb_column column_container vc_column_container col centered-text no-extra-padding inherit_tablet inherit_phone\"  data-padding-pos=\"all\" data-has-bg-color=\"false\" data-bg-color=\"\" data-bg-opacity=\"1\" data-animation=\"\" data-delay=\"0\" >\n\t\t<div class=\"vc_column-inner\" >\n\t\t\t<div class=\"wpb_wrapper\">\n\t\t\t\t<div class=\"img-with-aniamtion-wrap\" data-max-width=\"100%\" data-max-width-mobile=\"default\" data-shadow=\"none\" data-animation=\"fade-in\" >\n      <div class=\"inner\">\n        <div class=\"hover-wrap\"> \n          <div class=\"hover-wrap-inner\">\n            <img loading=\"lazy\" decoding=\"async\" class=\"img-with-animation skip-lazy\" data-delay=\"0\" height=\"176\" width=\"176\" data-animation=\"fade-in\" src=\"https:\/\/www.vkdeersign.com\/wp-content\/uploads\/2021\/02\/Bronze-Brouth-little.png\" alt=\"Logo VK Deersign scaled\" srcset=\"https:\/\/www.vkdeersign.com\/wp-content\/uploads\/2021\/02\/Bronze-Brouth-little.png 176w, https:\/\/www.vkdeersign.com\/wp-content\/uploads\/2021\/02\/Bronze-Brouth-little-150x150.png 150w, https:\/\/www.vkdeersign.com\/wp-content\/uploads\/2021\/02\/Bronze-Brouth-little-100x100.png 100w, https:\/\/www.vkdeersign.com\/wp-content\/uploads\/2021\/02\/Bronze-Brouth-little-140x140.png 140w\" sizes=\"auto, (max-width: 176px) 100vw, 176px\" \/>\n          <\/div>\n        <\/div>\n      <\/div>\n    <\/div>\n\t\t\t<\/div> \n\t\t<\/div>\n\t<\/div> \n<\/div><\/div>\n\t\t<div id=\"fws_69e8d35b360ad\"  data-column-margin=\"default\" data-midnight=\"dark\"  class=\"wpb_row vc_row-fluid vc_row  top_padding_phone_0px\"  style=\"padding-top: 0px; padding-bottom: 0px; \"><div class=\"row-bg-wrap\" data-bg-animation=\"none\" data-bg-animation-delay=\"\" data-bg-overlay=\"false\"><div class=\"inner-wrap row-bg-layer\" ><div class=\"row-bg viewport-desktop\"  style=\"\"><\/div><\/div><\/div><div class=\"row_col_wrap_12 col span_12 dark left\">\n\t<div style=\"margin-top: -100px; \" class=\"vc_col-sm-12 wpb_column column_container vc_column_container col centered-text neg-marg no-extra-padding top_margin_tablet_0px top_margin_phone_0px inherit_tablet inherit_phone\"  data-padding-pos=\"all\" data-has-bg-color=\"false\" data-bg-color=\"\" data-bg-opacity=\"1\" data-animation=\"\" data-delay=\"0\" >\n\t\t<div class=\"vc_column-inner\" >\n\t\t\t<div class=\"wpb_wrapper\">\n\t\t\t\t<div class=\"col span_12 section-title text-align-center extra-padding\"><h2>\n<h1>Cr\u00e9dits<\/h1>\n<\/h2><\/div><div class=\"clear\"><\/div>\n<div class=\"wpb_text_column wpb_content_element\" >\n\t<div class=\"wpb_wrapper\">\n\t\t<p style=\"text-align: center;\">For the little hands behind the scenes that made publishing my work possible<\/p>\n\t<\/div>\n<\/div>\n\n\n\n\n\t\t\t<\/div> \n\t\t<\/div>\n\t<\/div> \n<\/div><\/div>\n\t\t<div id=\"fws_69e8d35b366f5\"  data-column-margin=\"default\" data-midnight=\"dark\"  class=\"wpb_row vc_row-fluid vc_row\"  style=\"padding-top: 0px; padding-bottom: 0px; \"><div class=\"row-bg-wrap\" data-bg-animation=\"none\" data-bg-animation-delay=\"\" data-bg-overlay=\"false\"><div class=\"inner-wrap row-bg-layer\" ><div class=\"row-bg viewport-desktop\"  style=\"\"><\/div><\/div><\/div><div class=\"row_col_wrap_12 col span_12 dark left\">\n\t<div  class=\"vc_col-sm-12 vc_hidden-sm vc_hidden-xs wpb_column column_container vc_column_container col no-extra-padding inherit_tablet inherit_phone\"  data-padding-pos=\"all\" data-has-bg-color=\"false\" data-bg-color=\"\" data-bg-opacity=\"1\" data-animation=\"\" data-delay=\"0\" >\n\t\t<div class=\"vc_column-inner\" >\n\t\t\t<div class=\"wpb_wrapper\">\n\t\t\t\t<div class=\"img-with-aniamtion-wrap center\" data-max-width=\"100%\" data-max-width-mobile=\"default\" data-shadow=\"none\" data-animation=\"fade-in\"  style=\"margin-bottom: 50px; \">\n      <div class=\"inner\">\n        <div class=\"hover-wrap\"> \n          <div class=\"hover-wrap-inner\">\n            <img loading=\"lazy\" decoding=\"async\" class=\"img-with-animation skip-lazy\" data-delay=\"0\" height=\"527\" width=\"1336\" data-animation=\"fade-in\" src=\"https:\/\/www.vkdeersign.com\/wp-content\/uploads\/2021\/02\/pyramide-1.png\" alt=\"Pyramide de la cr\u00e9ation de sites web\" srcset=\"https:\/\/www.vkdeersign.com\/wp-content\/uploads\/2021\/02\/pyramide-1.png 1336w, https:\/\/www.vkdeersign.com\/wp-content\/uploads\/2021\/02\/pyramide-1-300x118.png 300w, https:\/\/www.vkdeersign.com\/wp-content\/uploads\/2021\/02\/pyramide-1-1024x404.png 1024w, https:\/\/www.vkdeersign.com\/wp-content\/uploads\/2021\/02\/pyramide-1-768x303.png 768w\" sizes=\"auto, (max-width: 1336px) 100vw, 1336px\" \/>\n          <\/div>\n        <\/div>\n      <\/div>\n    <\/div>\n<div class=\"wpb_text_column wpb_content_element\" >\n\t<div class=\"wpb_wrapper\">\n\t\t<p><strong>Artistic direction, illustration, animations and site model:<\/strong> Vincent Kernin,<br \/>\nThis project was extremely exciting, I was willing to share my creative universe and my way of representing today's design world with you and everyone else skipping the credits because why not! There's plenty to read on the site already :)<\/p>\n<p><strong>Integration, interfaces and wise advices :<\/strong> Silvia Georgin<br \/>\nWho was there since the early stages of creation, and who was patiently waiting for me to finish my \"artistic stuffs\" so she could get her hands on the project.<br \/>\nShe is talented and i advise you to take a look at her website as soon as you find a little moment! <a href=\"https:\/\/www.luxxia.fr\">www.luxxia.fr<\/a><\/p>\n<p><strong>Font :<\/strong> Alice Savoie<br \/>\nAlice made the Faune character that I used throughout this website as part of a Cnap commission. It is rare to get so attached to a work tool, but I find in it an infinite number of qualities. Its elegance, its strength, its curves... If one day you read this Alice, your work is excellent!<\/p>\n\t<\/div>\n<\/div>\n\n\n\n\n\t\t\t<\/div> \n\t\t<\/div>\n\t<\/div> \n<\/div><\/div>\n\t\t<div id=\"fws_69e8d35b37099\"  data-column-margin=\"default\" data-midnight=\"dark\"  class=\"wpb_row vc_row-fluid vc_row\"  style=\"padding-top: 0px; padding-bottom: 0px; \"><div class=\"row-bg-wrap\" data-bg-animation=\"none\" data-bg-animation-delay=\"\" data-bg-overlay=\"false\"><div class=\"inner-wrap row-bg-layer\" ><div class=\"row-bg viewport-desktop\"  style=\"\"><\/div><\/div><\/div><div class=\"row_col_wrap_12 col span_12 dark left\">\n\t<div  class=\"vc_col-sm-12 vc_hidden-lg vc_hidden-md wpb_column column_container vc_column_container col no-extra-padding inherit_tablet inherit_phone\"  data-padding-pos=\"all\" data-has-bg-color=\"false\" data-bg-color=\"\" data-bg-opacity=\"1\" data-animation=\"\" data-delay=\"0\" >\n\t\t<div class=\"vc_column-inner\" >\n\t\t\t<div class=\"wpb_wrapper\">\n\t\t\t\t<div class=\"testimonial_slider span_12 col\" data-color=\"\" data-rating-color=\"accent-color\" data-controls=\"default\" data-add-border=\"\" data-autorotate=\"\" data-style=\"default\" ><div class=\"slides\"><blockquote> <div data-shadow=\"\" class=\"image-icon has-bg\" style=\"background-image: url(https:\/\/www.vkdeersign.com\/wp-content\/uploads\/2021\/02\/perso-3-300x300.png);\">&#8220;<\/div> <p>Artistic direction, illustration, animations and site model: <span role=\"none\" class=\"bottom-arrow\"><\/span><\/p><span class=\"testimonial-name\">Vincent Kernin<\/span><span class=\"title\">Ce projet a \u00e9t\u00e9 particuli\u00e8rement prenant, il a fallu vous faire partager mon univers cr\u00e9atif et ma fa\u00e7on de repr\u00e9senter le monde du design d'aujourd'hui. J'esp\u00e8re que votre exp\u00e9rience en tant qu'utilisateur a \u00e9t\u00e9 appr\u00e9ciable.<\/span><\/blockquote><blockquote> <div data-shadow=\"\" class=\"image-icon has-bg\" style=\"background-image: url(https:\/\/www.vkdeersign.com\/wp-content\/uploads\/2021\/02\/perso-2-300x300.png);\">&#8220;<\/div> <p>Int\u00e9gration, interfaces et conseils : <span role=\"none\" class=\"bottom-arrow\"><\/span><\/p><span class=\"testimonial-name\">Silvia Georgin<\/span><span class=\"title\">Qui a \u00e9t\u00e9 l\u00e0 d\u00e8s les premi\u00e8res \u00e9tapes de cr\u00e9ation, et qui attendait patiemment que je finisse mes bidouillis artistiques pour pouvoir prendre la main sur le projet. Silvia est bourr\u00e9e de talent et je vous conseille de jeter un coup d'oeil \u00e0 son site web d\u00e8s que vous trouverez un petit moment! www.luxxia.fr<\/span><\/blockquote><blockquote> <div data-shadow=\"\" class=\"image-icon has-bg\" style=\"background-image: url(https:\/\/www.vkdeersign.com\/wp-content\/uploads\/2021\/02\/perso-1-300x300.png);\">&#8220;<\/div> <p>Police d'\u00e9criture: <span role=\"none\" class=\"bottom-arrow\"><\/span><\/p><span class=\"testimonial-name\">Alice Savoie<\/span><span class=\"title\">Alice a r\u00e9alis\u00e9 le caract\u00e8re Faune que j'ai utilis\u00e9 \u00e0 travers l'ensemble de ce site web dans le cadre d'une commande du Cnap. Il est rare de s'attacher autant \u00e0 un outil de travail, mais j'y trouve un nombre infini de qualit\u00e9s. Son \u00e9l\u00e9gance, sa force, ses courbes\u2026 Si un jour tu lis ceci Alice, ton travail est tout simplement excellent!<\/span><\/blockquote><\/div><\/div>\n\t\t\t<\/div> \n\t\t<\/div>\n\t<\/div> \n<\/div><\/div>","protected":false},"excerpt":{"rendered":"Cr\u00e9dits Pour les petites mains derri\u00e8re la sc\u00e8ne qui ont rendu la publication de mon travail possible Direction artistique, illustrations, animations et maquette du site: Vincent Kernin, Ce projet a...","protected":false},"author":1,"featured_media":0,"parent":0,"menu_order":0,"comment_status":"closed","ping_status":"closed","template":"","meta":{"footnotes":""},"class_list":["post-3111","page","type-page","status-publish"],"yoast_head":"<!-- This site is optimized with the Yoast SEO plugin v27.4 - https:\/\/yoast.com\/product\/yoast-seo-wordpress\/ -->\n<title>Cr\u00e9dits - VK Deersign<\/title>\n<meta name=\"robots\" content=\"index, follow, max-snippet:-1, max-image-preview:large, max-video-preview:-1\" \/>\n<link rel=\"canonical\" href=\"https:\/\/www.vkdeersign.com\/en\/credits\/\" \/>\n<meta property=\"og:locale\" content=\"en_US\" \/>\n<meta property=\"og:type\" content=\"article\" \/>\n<meta property=\"og:title\" content=\"Cr\u00e9dits - VK Deersign\" \/>\n<meta property=\"og:url\" content=\"https:\/\/www.vkdeersign.com\/en\/credits\/\" \/>\n<meta property=\"og:site_name\" content=\"VK Deersign\" \/>\n<meta property=\"article:modified_time\" content=\"2021-09-29T09:52:24+00:00\" \/>\n<meta name=\"twitter:card\" content=\"summary_large_image\" \/>\n<meta name=\"twitter:label1\" content=\"Est. reading time\" \/>\n\t<meta name=\"twitter:data1\" content=\"6 minutes\" \/>\n<script type=\"application\/ld+json\" class=\"yoast-schema-graph\">{\"@context\":\"https:\\\/\\\/schema.org\",\"@graph\":[{\"@type\":\"WebPage\",\"@id\":\"https:\\\/\\\/www.vkdeersign.com\\\/credits\\\/\",\"url\":\"https:\\\/\\\/www.vkdeersign.com\\\/credits\\\/\",\"name\":\"Cr\u00e9dits - VK Deersign\",\"isPartOf\":{\"@id\":\"https:\\\/\\\/www.vkdeersign.com\\\/#website\"},\"datePublished\":\"2021-02-08T18:21:57+00:00\",\"dateModified\":\"2021-09-29T09:52:24+00:00\",\"breadcrumb\":{\"@id\":\"https:\\\/\\\/www.vkdeersign.com\\\/credits\\\/#breadcrumb\"},\"inLanguage\":\"en-US\",\"potentialAction\":[{\"@type\":\"ReadAction\",\"target\":[\"https:\\\/\\\/www.vkdeersign.com\\\/credits\\\/\"]}]},{\"@type\":\"BreadcrumbList\",\"@id\":\"https:\\\/\\\/www.vkdeersign.com\\\/credits\\\/#breadcrumb\",\"itemListElement\":[{\"@type\":\"ListItem\",\"position\":1,\"name\":\"Accueil\",\"item\":\"https:\\\/\\\/www.vkdeersign.com\\\/\"},{\"@type\":\"ListItem\",\"position\":2,\"name\":\"Cr\u00e9dits\"}]},{\"@type\":\"WebSite\",\"@id\":\"https:\\\/\\\/www.vkdeersign.com\\\/#website\",\"url\":\"https:\\\/\\\/www.vkdeersign.com\\\/\",\"name\":\"VK Deersign\",\"description\":\"\",\"publisher\":{\"@id\":\"https:\\\/\\\/www.vkdeersign.com\\\/#organization\"},\"potentialAction\":[{\"@type\":\"SearchAction\",\"target\":{\"@type\":\"EntryPoint\",\"urlTemplate\":\"https:\\\/\\\/www.vkdeersign.com\\\/?s={search_term_string}\"},\"query-input\":{\"@type\":\"PropertyValueSpecification\",\"valueRequired\":true,\"valueName\":\"search_term_string\"}}],\"inLanguage\":\"en-US\"},{\"@type\":\"Organization\",\"@id\":\"https:\\\/\\\/www.vkdeersign.com\\\/#organization\",\"name\":\"VK Deersign\",\"url\":\"https:\\\/\\\/www.vkdeersign.com\\\/\",\"logo\":{\"@type\":\"ImageObject\",\"inLanguage\":\"en-US\",\"@id\":\"https:\\\/\\\/www.vkdeersign.com\\\/#\\\/schema\\\/logo\\\/image\\\/\",\"url\":\"https:\\\/\\\/www.vkdeersign.com\\\/wp-content\\\/uploads\\\/2021\\\/02\\\/Bronze-Brouth.png\",\"contentUrl\":\"https:\\\/\\\/www.vkdeersign.com\\\/wp-content\\\/uploads\\\/2021\\\/02\\\/Bronze-Brouth.png\",\"width\":328,\"height\":327,\"caption\":\"VK Deersign\"},\"image\":{\"@id\":\"https:\\\/\\\/www.vkdeersign.com\\\/#\\\/schema\\\/logo\\\/image\\\/\"},\"sameAs\":[\"https:\\\/\\\/www.instagram.com\\\/vkdeersign\\\/\"]}]}<\/script>\n<!-- \/ Yoast SEO plugin. -->","yoast_head_json":{"title":"Cr\u00e9dits - VK Deersign","robots":{"index":"index","follow":"follow","max-snippet":"max-snippet:-1","max-image-preview":"max-image-preview:large","max-video-preview":"max-video-preview:-1"},"canonical":"https:\/\/www.vkdeersign.com\/en\/credits\/","og_locale":"en_US","og_type":"article","og_title":"Cr\u00e9dits - VK Deersign","og_url":"https:\/\/www.vkdeersign.com\/en\/credits\/","og_site_name":"VK Deersign","article_modified_time":"2021-09-29T09:52:24+00:00","twitter_card":"summary_large_image","twitter_misc":{"Est. reading time":"6 minutes"},"schema":{"@context":"https:\/\/schema.org","@graph":[{"@type":"WebPage","@id":"https:\/\/www.vkdeersign.com\/credits\/","url":"https:\/\/www.vkdeersign.com\/credits\/","name":"Cr\u00e9dits - VK Deersign","isPartOf":{"@id":"https:\/\/www.vkdeersign.com\/#website"},"datePublished":"2021-02-08T18:21:57+00:00","dateModified":"2021-09-29T09:52:24+00:00","breadcrumb":{"@id":"https:\/\/www.vkdeersign.com\/credits\/#breadcrumb"},"inLanguage":"en-US","potentialAction":[{"@type":"ReadAction","target":["https:\/\/www.vkdeersign.com\/credits\/"]}]},{"@type":"BreadcrumbList","@id":"https:\/\/www.vkdeersign.com\/credits\/#breadcrumb","itemListElement":[{"@type":"ListItem","position":1,"name":"Accueil","item":"https:\/\/www.vkdeersign.com\/"},{"@type":"ListItem","position":2,"name":"Cr\u00e9dits"}]},{"@type":"WebSite","@id":"https:\/\/www.vkdeersign.com\/#website","url":"https:\/\/www.vkdeersign.com\/","name":"VK Deersign","description":"","publisher":{"@id":"https:\/\/www.vkdeersign.com\/#organization"},"potentialAction":[{"@type":"SearchAction","target":{"@type":"EntryPoint","urlTemplate":"https:\/\/www.vkdeersign.com\/?s={search_term_string}"},"query-input":{"@type":"PropertyValueSpecification","valueRequired":true,"valueName":"search_term_string"}}],"inLanguage":"en-US"},{"@type":"Organization","@id":"https:\/\/www.vkdeersign.com\/#organization","name":"VK Deersign","url":"https:\/\/www.vkdeersign.com\/","logo":{"@type":"ImageObject","inLanguage":"en-US","@id":"https:\/\/www.vkdeersign.com\/#\/schema\/logo\/image\/","url":"https:\/\/www.vkdeersign.com\/wp-content\/uploads\/2021\/02\/Bronze-Brouth.png","contentUrl":"https:\/\/www.vkdeersign.com\/wp-content\/uploads\/2021\/02\/Bronze-Brouth.png","width":328,"height":327,"caption":"VK Deersign"},"image":{"@id":"https:\/\/www.vkdeersign.com\/#\/schema\/logo\/image\/"},"sameAs":["https:\/\/www.instagram.com\/vkdeersign\/"]}]}},"_links":{"self":[{"href":"https:\/\/www.vkdeersign.com\/en\/wp-json\/wp\/v2\/pages\/3111","targetHints":{"allow":["GET"]}}],"collection":[{"href":"https:\/\/www.vkdeersign.com\/en\/wp-json\/wp\/v2\/pages"}],"about":[{"href":"https:\/\/www.vkdeersign.com\/en\/wp-json\/wp\/v2\/types\/page"}],"author":[{"embeddable":true,"href":"https:\/\/www.vkdeersign.com\/en\/wp-json\/wp\/v2\/users\/1"}],"replies":[{"embeddable":true,"href":"https:\/\/www.vkdeersign.com\/en\/wp-json\/wp\/v2\/comments?post=3111"}],"version-history":[{"count":23,"href":"https:\/\/www.vkdeersign.com\/en\/wp-json\/wp\/v2\/pages\/3111\/revisions"}],"predecessor-version":[{"id":3522,"href":"https:\/\/www.vkdeersign.com\/en\/wp-json\/wp\/v2\/pages\/3111\/revisions\/3522"}],"wp:attachment":[{"href":"https:\/\/www.vkdeersign.com\/en\/wp-json\/wp\/v2\/media?parent=3111"}],"curies":[{"name":"wp","href":"https:\/\/api.w.org\/{rel}","templated":true}]}}