{"id":2092,"date":"2014-03-31T03:53:02","date_gmt":"2014-03-31T03:53:02","guid":{"rendered":"http:\/\/themenectar.com\/demo\/salient-frostwave\/?page_id=2092"},"modified":"2021-11-07T19:31:40","modified_gmt":"2021-11-07T18:31:40","slug":"contact","status":"publish","type":"page","link":"https:\/\/www.vkdeersign.com\/en\/contact\/","title":{"rendered":"Contact"},"content":{"rendered":"\n\t\t<div id=\"fws_6a069675bd17f\"  data-column-margin=\"default\" data-midnight=\"dark\"  class=\"wpb_row vc_row-fluid vc_row\"  style=\"padding-top: 0px; padding-bottom: 0px; \"><div class=\"row-bg-wrap\" data-bg-animation=\"none\" data-bg-animation-delay=\"\" data-bg-overlay=\"false\"><div class=\"inner-wrap row-bg-layer\" ><div class=\"row-bg viewport-desktop\"  style=\"\"><\/div><\/div><\/div><div class=\"row_col_wrap_12 col span_12 dark left\">\n\t<div  class=\"vc_col-sm-12 wpb_column column_container vc_column_container col no-extra-padding top_margin_phone_50px inherit_tablet inherit_phone \"  data-padding-pos=\"all\" data-has-bg-color=\"false\" data-bg-color=\"\" data-bg-opacity=\"1\" data-animation=\"\" data-delay=\"0\" >\n\t\t<div class=\"vc_column-inner\" >\n\t\t\t<div class=\"wpb_wrapper\">\n\t\t\t\t<div class=\"img-with-aniamtion-wrap center\" data-max-width=\"100%\" data-max-width-mobile=\"default\" data-shadow=\"none\" data-animation=\"fade-in\" >\n      <div class=\"inner\">\n        <div class=\"hover-wrap\"> \n          <div class=\"hover-wrap-inner\">\n            <img loading=\"lazy\" decoding=\"async\" class=\"img-with-animation skip-lazy \" data-delay=\"0\" height=\"327\" width=\"328\" data-animation=\"fade-in\" src=\"https:\/\/www.vkdeersign.com\/wp-content\/uploads\/2021\/02\/Bronze-Brouth.png\" alt=\"Logo VK Deersign\" srcset=\"https:\/\/www.vkdeersign.com\/wp-content\/uploads\/2021\/02\/Bronze-Brouth.png 328w, https:\/\/www.vkdeersign.com\/wp-content\/uploads\/2021\/02\/Bronze-Brouth-300x300.png 300w, https:\/\/www.vkdeersign.com\/wp-content\/uploads\/2021\/02\/Bronze-Brouth-150x150.png 150w, https:\/\/www.vkdeersign.com\/wp-content\/uploads\/2021\/02\/Bronze-Brouth-100x100.png 100w, https:\/\/www.vkdeersign.com\/wp-content\/uploads\/2021\/02\/Bronze-Brouth-140x140.png 140w\" sizes=\"auto, (max-width: 328px) 100vw, 328px\" \/>\n          <\/div>\n        <\/div>\n      <\/div>\n    <\/div>\n\t\t\t<\/div> \n\t\t<\/div>\n\t<\/div> \n<\/div><\/div>\n\t\t<div id=\"fws_6a069675bdd00\"  data-column-margin=\"default\" data-midnight=\"dark\"  class=\"wpb_row vc_row-fluid vc_row\"  style=\"padding-top: 0px; padding-bottom: 0px; \"><div class=\"row-bg-wrap\" data-bg-animation=\"none\" data-bg-animation-delay=\"\" data-bg-overlay=\"false\"><div class=\"inner-wrap row-bg-layer\" ><div class=\"row-bg viewport-desktop\"  style=\"\"><\/div><\/div><\/div><div class=\"row_col_wrap_12 col span_12 dark left\">\n\t<div  class=\"vc_col-sm-12 vc_hidden-lg vc_hidden-md wpb_column column_container vc_column_container col no-extra-padding inherit_tablet inherit_phone \"  data-padding-pos=\"all\" data-has-bg-color=\"false\" data-bg-color=\"\" data-bg-opacity=\"1\" data-animation=\"\" data-delay=\"0\" >\n\t\t<div class=\"vc_column-inner\" >\n\t\t\t<div class=\"wpb_wrapper\">\n\t\t\t\t<div class=\"col span_12 section-title text-align-center extra-padding\"><h2>\n<h1>Me contacter<\/h1>\n<\/h2><\/div><div class=\"clear\"><\/div>\n\t\t\t<\/div> \n\t\t<\/div>\n\t<\/div> \n<\/div><\/div>\n\t\t<div id=\"fws_6a069675be293\"  data-column-margin=\"default\" data-midnight=\"dark\"  class=\"wpb_row vc_row-fluid vc_row\"  style=\"padding-top: 0px; padding-bottom: 0px; \"><div class=\"row-bg-wrap\" data-bg-animation=\"none\" data-bg-animation-delay=\"\" data-bg-overlay=\"false\"><div class=\"inner-wrap row-bg-layer\" ><div class=\"row-bg viewport-desktop\"  style=\"\"><\/div><\/div><\/div><div class=\"row_col_wrap_12 col span_12 dark left\">\n\t<div  class=\"vc_col-sm-12 vc_hidden-lg vc_hidden-md wpb_column column_container vc_column_container col no-extra-padding inherit_tablet inherit_phone \"  data-padding-pos=\"all\" data-has-bg-color=\"false\" data-bg-color=\"\" data-bg-opacity=\"1\" data-animation=\"\" data-delay=\"0\" >\n\t\t<div class=\"vc_column-inner\" >\n\t\t\t<div class=\"wpb_wrapper\">\n\t\t\t\t<div class=\"testimonial_slider span_12 col\" data-color=\"\" data-rating-color=\"accent-color\" data-controls=\"default\" data-add-border=\"\" data-autorotate=\"\" data-style=\"default\" ><div class=\"slides\"><blockquote> <div data-shadow=\"\" class=\"image-icon has-bg\" style=\"background-image: url(https:\/\/www.vkdeersign.com\/wp-content\/uploads\/2021\/02\/cible-300x300.png);\">&#8220;<\/div> <p> <span role=\"none\" class=\"bottom-arrow\"><\/span><\/p><span class=\"testimonial-name\"><\/span><span class=\"title\">\u00c9largir votre client\u00e8le cible<br \/>\nOptimiser votre communication<\/span><\/blockquote><blockquote> <div data-shadow=\"\" class=\"image-icon has-bg\" style=\"background-image: url(https:\/\/www.vkdeersign.com\/wp-content\/uploads\/2021\/02\/team-300x136.png);\">&#8220;<\/div> <p> <span role=\"none\" class=\"bottom-arrow\"><\/span><\/p><span class=\"testimonial-name\"><\/span><span class=\"title\">Travailler en collaboration<br \/>\nAssembler une \u00e9quipe de designers<\/span><\/blockquote><blockquote> <div data-shadow=\"\" class=\"image-icon has-bg\" style=\"background-image: url(https:\/\/www.vkdeersign.com\/wp-content\/uploads\/2021\/02\/crayon-300x126.png);\">&#8220;<\/div> <p> <span role=\"none\" class=\"bottom-arrow\"><\/span><\/p><span class=\"testimonial-name\"><\/span><span class=\"title\">Pour une opportunit\u00e9<br \/>\nPublier mon travail<\/span><\/blockquote><\/div><\/div>\n\t\t\t<\/div> \n\t\t<\/div>\n\t<\/div> \n<\/div><\/div>\n\t\t<div id=\"fws_6a069675bf530\"  data-column-margin=\"default\" data-midnight=\"dark\"  class=\"wpb_row vc_row-fluid vc_row full-width-content vc_row-o-equal-height vc_row-flex vc_row-o-content-top imgcontact top_padding_tablet_0px top_padding_phone_0px bottom_padding_tablet_0px bottom_padding_phone_50px\"  style=\"padding-top: 250px; padding-bottom: 300px; \"><div class=\"row-bg-wrap\" data-bg-animation=\"none\" data-bg-animation-delay=\"\" data-bg-overlay=\"false\"><div class=\"inner-wrap row-bg-layer\" ><div class=\"row-bg viewport-desktop\"  style=\"\"><\/div><\/div><\/div><div class=\"row_col_wrap_12 col span_12 dark left\">\n\t<div style=\"margin-top: -220px; \" class=\"vc_col-sm-12 vc_hidden-sm vc_hidden-xs wpb_column column_container vc_column_container col neg-marg no-extra-padding inherit_tablet inherit_phone \"  data-padding-pos=\"all\" data-has-bg-color=\"false\" data-bg-color=\"\" data-bg-opacity=\"1\" data-animation=\"\" data-delay=\"0\" >\n\t\t<div class=\"vc_column-inner\" >\n\t\t\t<div class=\"wpb_wrapper\">\n\t\t\t\t<div class=\"col span_12 section-title text-align-center extra-padding\"><h2>\n<h1><a href=\"#contact\">Me contacter<\/a><\/h1>\n<\/h2><\/div><div class=\"clear\"><\/div><div class=\"img-with-aniamtion-wrap center\" data-max-width=\"100%\" data-max-width-mobile=\"default\" data-shadow=\"none\" data-animation=\"fade-in\" >\n      <div class=\"inner\">\n        <div class=\"hover-wrap\"> \n          <div class=\"hover-wrap-inner\">\n            <img loading=\"lazy\" decoding=\"async\" class=\"img-with-animation skip-lazy \" data-delay=\"0\" height=\"1080\" width=\"1920\" data-animation=\"fade-in\" src=\"https:\/\/www.vkdeersign.com\/wp-content\/uploads\/2021\/02\/PNG-me-contacter.png\" alt=\"Pourquoi me contacter?\" srcset=\"https:\/\/www.vkdeersign.com\/wp-content\/uploads\/2021\/02\/PNG-me-contacter.png 1920w, https:\/\/www.vkdeersign.com\/wp-content\/uploads\/2021\/02\/PNG-me-contacter-300x169.png 300w, https:\/\/www.vkdeersign.com\/wp-content\/uploads\/2021\/02\/PNG-me-contacter-1024x576.png 1024w, https:\/\/www.vkdeersign.com\/wp-content\/uploads\/2021\/02\/PNG-me-contacter-768x432.png 768w, https:\/\/www.vkdeersign.com\/wp-content\/uploads\/2021\/02\/PNG-me-contacter-1536x864.png 1536w\" sizes=\"auto, (max-width: 1920px) 100vw, 1920px\" \/>\n          <\/div>\n        <\/div>\n      <\/div>\n    <\/div>\n\t\t\t<\/div> \n\t\t<\/div>\n\t<\/div> \n<\/div><\/div>\n\t\t<div id=\"contact\"  data-column-margin=\"default\" data-midnight=\"dark\"  class=\"wpb_row vc_row-fluid vc_row\"  style=\"padding-top: 0px; padding-bottom: 0px; \"><div class=\"row-bg-wrap\" data-bg-animation=\"none\" data-bg-animation-delay=\"\" data-bg-overlay=\"false\"><div class=\"inner-wrap row-bg-layer\" ><div class=\"row-bg viewport-desktop\"  style=\"\"><\/div><\/div><\/div><div class=\"row_col_wrap_12 col span_12 dark left\">\n\t<div  class=\"vc_col-sm-5 call-me wpb_column column_container vc_column_container col no-extra-padding inherit_tablet inherit_phone \"  data-padding-pos=\"all\" data-has-bg-color=\"false\" data-bg-color=\"\" data-bg-opacity=\"1\" data-animation=\"\" data-delay=\"0\" >\n\t\t<div class=\"vc_column-inner\" >\n\t\t\t<div class=\"wpb_wrapper\">\n\t\t\t\t\n<div class=\"wpb_text_column wpb_content_element  float-right\" style=\" max-width: 250px; display: inline-block;\">\n\t<div class=\"wpb_wrapper\">\n\t\t<p style=\"text-align: right;\"><strong style=\"text-align: right;\">Appelez moi<\/strong><\/p>\n<p style=\"text-align: right;\">au +337 49 85 38 58<\/p>\n<p style=\"text-align: right;\">Nous discuterons bri\u00e8vement de votre projet, et je vous demanderai de r\u00e9unir quelques infos avant de convenir d&rsquo;un prochain rendez vous.<\/p>\n\t<\/div>\n<\/div>\n\n\n\n\n\t\t\t<\/div> \n\t\t<\/div>\n\t<\/div> \n\n\t<div style=\"margin-top: -16px; \" class=\"vc_col-sm-1 wpb_column column_container vc_column_container col centered-text neg-marg no-extra-padding inherit_tablet inherit_phone \"  data-padding-pos=\"all\" data-has-bg-color=\"false\" data-bg-color=\"\" data-bg-opacity=\"1\" data-animation=\"\" data-delay=\"0\" >\n\t\t<div class=\"vc_column-inner\" >\n\t\t\t<div class=\"wpb_wrapper\">\n\t\t\t\t\n<div class=\"wpb_text_column wpb_content_element  whitecontact\" >\n\t<div class=\"wpb_wrapper\">\n\t\t<p>ou<\/p>\n\t<\/div>\n<\/div>\n\n\n\n\n\t\t\t<\/div> \n\t\t<\/div>\n\t<\/div> \n\n\t<div  class=\"vc_col-sm-6 wpb_column column_container vc_column_container col no-extra-padding inherit_tablet inherit_phone \"  data-padding-pos=\"all\" data-has-bg-color=\"false\" data-bg-color=\"\" data-bg-opacity=\"1\" data-animation=\"\" data-delay=\"0\" >\n\t\t<div class=\"vc_column-inner\" >\n\t\t\t<div class=\"wpb_wrapper\">\n\t\t\t\t\n<div class=\"wpb_text_column wpb_content_element  vc_custom_1622109242017\" >\n\t<div class=\"wpb_wrapper\">\n\t\t<p><strong>Laissez moi un message<\/strong><\/p>\n\t<\/div>\n<\/div>\n\n\n\n\n\t<div class=\"wpb_raw_code wpb_content_element wpb_raw_html\" >\n\t\t<div class=\"wpb_wrapper\">\n\t\t\t<div class=\"wpforms-container wpforms-container-full\" id=\"wpforms-3289\"><form id=\"wpforms-form-3289\" class=\"wpforms-validate wpforms-form\" data-formid=\"3289\" method=\"post\" enctype=\"multipart\/form-data\" action=\"\/en\/wp-json\/wp\/v2\/pages\/2092\" data-token=\"115a95b0253f888c099bf616cf9cfb27\" data-token-time=\"1778816629\"><noscript class=\"wpforms-error-noscript\">Please enable JavaScript in your browser to complete this form.<\/noscript><div class=\"wpforms-field-container\"><div id=\"wpforms-3289-field_0-container\" class=\"wpforms-field wpforms-field-name\" data-field-id=\"0\"><label class=\"wpforms-field-label wpforms-label-hide\" for=\"wpforms-3289-field_0\">Nom <span class=\"wpforms-required-label\">*<\/span><\/label><input type=\"text\" id=\"wpforms-3289-field_0\" class=\"wpforms-field-medium wpforms-field-required\" name=\"wpforms[fields][0]\" placeholder=\"Nom Pr\u00e9nom\" required><\/div><div id=\"wpforms-3289-field_5-container\" class=\"wpforms-field wpforms-field-name\" data-field-id=\"5\"><label class=\"wpforms-field-label wpforms-label-hide\" for=\"wpforms-3289-field_5\">Nom<\/label><input type=\"text\" id=\"wpforms-3289-field_5\" class=\"wpforms-field-medium\" name=\"wpforms[fields][5]\" placeholder=\"T\u00e9l\u00e9phone\" ><\/div><div id=\"wpforms-3289-field_4-container\" class=\"wpforms-field wpforms-field-email\" data-field-id=\"4\"><label class=\"wpforms-field-label wpforms-label-hide\" for=\"wpforms-3289-field_4\">E-mail <span class=\"wpforms-required-label\">*<\/span><\/label><input type=\"email\" id=\"wpforms-3289-field_4\" class=\"wpforms-field-medium wpforms-field-required\" name=\"wpforms[fields][4]\" placeholder=\"Mail\" spellcheck=\"false\" required><\/div><div id=\"wpforms-3289-field_2-container\" class=\"wpforms-field wpforms-field-textarea\" data-field-id=\"2\"><label class=\"wpforms-field-label wpforms-label-hide\" for=\"wpforms-3289-field_2\">Commentaire ou message <span class=\"wpforms-required-label\">*<\/span><\/label><textarea id=\"wpforms-3289-field_2\" class=\"wpforms-field-medium wpforms-field-required\" name=\"wpforms[fields][2]\" placeholder=\"Comment puis je vous aider? \" required><\/textarea><\/div><\/div><!-- .wpforms-field-container --><div class=\"wpforms-recaptcha-container wpforms-is-recaptcha wpforms-is-recaptcha-type-v2\" ><div class=\"g-recaptcha\" data-sitekey=\"6Lfo5RkgAAAAACzimEnktEBQ7B-BmwpoyeC29pCT\"><\/div><input type=\"text\" name=\"g-recaptcha-hidden\" class=\"wpforms-recaptcha-hidden\" style=\"position:absolute!important;clip:rect(0,0,0,0)!important;height:1px!important;width:1px!important;border:0!important;overflow:hidden!important;padding:0!important;margin:0!important;\" data-rule-recaptcha=\"1\"><\/div><div class=\"wpforms-submit-container\" ><input type=\"hidden\" name=\"wpforms[id]\" value=\"3289\"><input type=\"hidden\" name=\"page_title\" value=\"\"><input type=\"hidden\" name=\"page_url\" value=\"https:\/\/www.vkdeersign.com\/en\/wp-json\/wp\/v2\/pages\/2092\"><input type=\"hidden\" name=\"url_referer\" value=\"\"><button type=\"submit\" name=\"wpforms[submit]\" id=\"wpforms-submit-3289\" class=\"wpforms-submit\" data-alt-text=\"Envoi...\" data-submit-text=\"Envoyer\" aria-live=\"assertive\" value=\"wpforms-submit\">Envoyer<\/button><\/div><\/form><\/div>  <!-- .wpforms-container -->\n\t\t<\/div>\n\t<\/div>\n\n\t\t\t<\/div> \n\t\t<\/div>\n\t<\/div> \n<\/div><\/div>\n","protected":false},"excerpt":{"rendered":"Me contacter &#8220; \u00c9largir votre client\u00e8le cible Optimiser votre communication &#8220; Travailler en collaboration Assembler une \u00e9quipe de designers &#8220; Pour une opportunit\u00e9 Publier mon travail Me contacter Appelez moi...","protected":false},"author":1,"featured_media":0,"parent":0,"menu_order":12,"comment_status":"open","ping_status":"open","template":"","meta":{"footnotes":""},"class_list":["post-2092","page","type-page","status-publish"],"yoast_head":"<!-- This site is optimized with the Yoast SEO plugin v27.6 - https:\/\/yoast.com\/product\/yoast-seo-wordpress\/ -->\n<title>Contact - VK Deersign<\/title>\n<meta name=\"robots\" content=\"index, follow, max-snippet:-1, max-image-preview:large, max-video-preview:-1\" \/>\n<link rel=\"canonical\" href=\"https:\/\/www.vkdeersign.com\/en\/contact\/\" \/>\n<meta property=\"og:locale\" content=\"en_US\" \/>\n<meta property=\"og:type\" content=\"article\" \/>\n<meta property=\"og:title\" content=\"Contact - VK Deersign\" \/>\n<meta property=\"og:url\" content=\"https:\/\/www.vkdeersign.com\/en\/contact\/\" \/>\n<meta property=\"og:site_name\" content=\"VK Deersign\" \/>\n<meta property=\"article:modified_time\" content=\"2021-11-07T18:31:40+00:00\" \/>\n<meta name=\"twitter:card\" content=\"summary_large_image\" \/>\n<meta name=\"twitter:label1\" content=\"Est. reading time\" \/>\n\t<meta name=\"twitter:data1\" content=\"5 minutes\" \/>\n<script type=\"application\/ld+json\" class=\"yoast-schema-graph\">{\"@context\":\"https:\\\/\\\/schema.org\",\"@graph\":[{\"@type\":\"WebPage\",\"@id\":\"https:\\\/\\\/www.vkdeersign.com\\\/contact\\\/\",\"url\":\"https:\\\/\\\/www.vkdeersign.com\\\/contact\\\/\",\"name\":\"Contact - VK Deersign\",\"isPartOf\":{\"@id\":\"https:\\\/\\\/www.vkdeersign.com\\\/#website\"},\"datePublished\":\"2014-03-31T03:53:02+00:00\",\"dateModified\":\"2021-11-07T18:31:40+00:00\",\"breadcrumb\":{\"@id\":\"https:\\\/\\\/www.vkdeersign.com\\\/contact\\\/#breadcrumb\"},\"inLanguage\":\"en-US\",\"potentialAction\":[{\"@type\":\"ReadAction\",\"target\":[\"https:\\\/\\\/www.vkdeersign.com\\\/contact\\\/\"]}]},{\"@type\":\"BreadcrumbList\",\"@id\":\"https:\\\/\\\/www.vkdeersign.com\\\/contact\\\/#breadcrumb\",\"itemListElement\":[{\"@type\":\"ListItem\",\"position\":1,\"name\":\"Accueil\",\"item\":\"https:\\\/\\\/www.vkdeersign.com\\\/\"},{\"@type\":\"ListItem\",\"position\":2,\"name\":\"Contact\"}]},{\"@type\":\"WebSite\",\"@id\":\"https:\\\/\\\/www.vkdeersign.com\\\/#website\",\"url\":\"https:\\\/\\\/www.vkdeersign.com\\\/\",\"name\":\"VK Deersign\",\"description\":\"\",\"publisher\":{\"@id\":\"https:\\\/\\\/www.vkdeersign.com\\\/#organization\"},\"potentialAction\":[{\"@type\":\"SearchAction\",\"target\":{\"@type\":\"EntryPoint\",\"urlTemplate\":\"https:\\\/\\\/www.vkdeersign.com\\\/?s={search_term_string}\"},\"query-input\":{\"@type\":\"PropertyValueSpecification\",\"valueRequired\":true,\"valueName\":\"search_term_string\"}}],\"inLanguage\":\"en-US\"},{\"@type\":\"Organization\",\"@id\":\"https:\\\/\\\/www.vkdeersign.com\\\/#organization\",\"name\":\"VK Deersign\",\"url\":\"https:\\\/\\\/www.vkdeersign.com\\\/\",\"logo\":{\"@type\":\"ImageObject\",\"inLanguage\":\"en-US\",\"@id\":\"https:\\\/\\\/www.vkdeersign.com\\\/#\\\/schema\\\/logo\\\/image\\\/\",\"url\":\"https:\\\/\\\/www.vkdeersign.com\\\/wp-content\\\/uploads\\\/2021\\\/02\\\/Bronze-Brouth.png\",\"contentUrl\":\"https:\\\/\\\/www.vkdeersign.com\\\/wp-content\\\/uploads\\\/2021\\\/02\\\/Bronze-Brouth.png\",\"width\":328,\"height\":327,\"caption\":\"VK Deersign\"},\"image\":{\"@id\":\"https:\\\/\\\/www.vkdeersign.com\\\/#\\\/schema\\\/logo\\\/image\\\/\"},\"sameAs\":[\"https:\\\/\\\/www.instagram.com\\\/vkdeersign\\\/\"]}]}<\/script>\n<!-- \/ Yoast SEO plugin. -->","yoast_head_json":{"title":"Contact - VK Deersign","robots":{"index":"index","follow":"follow","max-snippet":"max-snippet:-1","max-image-preview":"max-image-preview:large","max-video-preview":"max-video-preview:-1"},"canonical":"https:\/\/www.vkdeersign.com\/en\/contact\/","og_locale":"en_US","og_type":"article","og_title":"Contact - VK Deersign","og_url":"https:\/\/www.vkdeersign.com\/en\/contact\/","og_site_name":"VK Deersign","article_modified_time":"2021-11-07T18:31:40+00:00","twitter_card":"summary_large_image","twitter_misc":{"Est. reading time":"5 minutes"},"schema":{"@context":"https:\/\/schema.org","@graph":[{"@type":"WebPage","@id":"https:\/\/www.vkdeersign.com\/contact\/","url":"https:\/\/www.vkdeersign.com\/contact\/","name":"Contact - VK Deersign","isPartOf":{"@id":"https:\/\/www.vkdeersign.com\/#website"},"datePublished":"2014-03-31T03:53:02+00:00","dateModified":"2021-11-07T18:31:40+00:00","breadcrumb":{"@id":"https:\/\/www.vkdeersign.com\/contact\/#breadcrumb"},"inLanguage":"en-US","potentialAction":[{"@type":"ReadAction","target":["https:\/\/www.vkdeersign.com\/contact\/"]}]},{"@type":"BreadcrumbList","@id":"https:\/\/www.vkdeersign.com\/contact\/#breadcrumb","itemListElement":[{"@type":"ListItem","position":1,"name":"Accueil","item":"https:\/\/www.vkdeersign.com\/"},{"@type":"ListItem","position":2,"name":"Contact"}]},{"@type":"WebSite","@id":"https:\/\/www.vkdeersign.com\/#website","url":"https:\/\/www.vkdeersign.com\/","name":"VK Deersign","description":"","publisher":{"@id":"https:\/\/www.vkdeersign.com\/#organization"},"potentialAction":[{"@type":"SearchAction","target":{"@type":"EntryPoint","urlTemplate":"https:\/\/www.vkdeersign.com\/?s={search_term_string}"},"query-input":{"@type":"PropertyValueSpecification","valueRequired":true,"valueName":"search_term_string"}}],"inLanguage":"en-US"},{"@type":"Organization","@id":"https:\/\/www.vkdeersign.com\/#organization","name":"VK Deersign","url":"https:\/\/www.vkdeersign.com\/","logo":{"@type":"ImageObject","inLanguage":"en-US","@id":"https:\/\/www.vkdeersign.com\/#\/schema\/logo\/image\/","url":"https:\/\/www.vkdeersign.com\/wp-content\/uploads\/2021\/02\/Bronze-Brouth.png","contentUrl":"https:\/\/www.vkdeersign.com\/wp-content\/uploads\/2021\/02\/Bronze-Brouth.png","width":328,"height":327,"caption":"VK Deersign"},"image":{"@id":"https:\/\/www.vkdeersign.com\/#\/schema\/logo\/image\/"},"sameAs":["https:\/\/www.instagram.com\/vkdeersign\/"]}]}},"_links":{"self":[{"href":"https:\/\/www.vkdeersign.com\/en\/wp-json\/wp\/v2\/pages\/2092","targetHints":{"allow":["GET"]}}],"collection":[{"href":"https:\/\/www.vkdeersign.com\/en\/wp-json\/wp\/v2\/pages"}],"about":[{"href":"https:\/\/www.vkdeersign.com\/en\/wp-json\/wp\/v2\/types\/page"}],"author":[{"embeddable":true,"href":"https:\/\/www.vkdeersign.com\/en\/wp-json\/wp\/v2\/users\/1"}],"replies":[{"embeddable":true,"href":"https:\/\/www.vkdeersign.com\/en\/wp-json\/wp\/v2\/comments?post=2092"}],"version-history":[{"count":23,"href":"https:\/\/www.vkdeersign.com\/en\/wp-json\/wp\/v2\/pages\/2092\/revisions"}],"predecessor-version":[{"id":3541,"href":"https:\/\/www.vkdeersign.com\/en\/wp-json\/wp\/v2\/pages\/2092\/revisions\/3541"}],"wp:attachment":[{"href":"https:\/\/www.vkdeersign.com\/en\/wp-json\/wp\/v2\/media?parent=2092"}],"curies":[{"name":"wp","href":"https:\/\/api.w.org\/{rel}","templated":true}]}}